{"id":2998,"date":"2016-11-16T15:33:39","date_gmt":"2016-11-16T14:33:39","guid":{"rendered":"https:\/\/thenailbar.ch\/de\/the-marques.html"},"modified":"2017-01-11T15:20:28","modified_gmt":"2017-01-11T14:20:28","slug":"the-marken","status":"publish","type":"page","link":"https:\/\/thenailbar.ch\/de\/the-marken","title":{"rendered":"The Marken"},"content":{"rendered":"<h1>Finden Sie Ihre Marke in der Nail Bar!<\/h1>\n<p>The Nail Bar hat die besten internationalen Marken im Bereich der Hand- und Fusspflege in ihrem Angebot. Diese Marken werden von The Nail Bar erstmals <strong>sowohl f\u00fcr die Nagelpflege als auch zum Kauf<\/strong> angeboten. Wir haben die folgenden Marken f\u00fcr Sie getestet und ausgew\u00e4hlt:<\/p>\n","protected":false},"excerpt":{"rendered":"<p>Finden Sie Ihre Marke in der Nail Bar! The Nail Bar hat die besten internationalen Marken im Bereich der Hand- und Fusspflege in ihrem Angebot. Diese Marken werden von The Nail Bar erstmals sowohl f\u00fcr die Nagelpflege als auch zum Kauf angeboten. Wir haben die folgenden Marken f\u00fcr Sie getestet und ausgew\u00e4hlt:<\/p>\n","protected":false},"author":1,"featured_media":2140,"parent":0,"menu_order":30,"comment_status":"closed","ping_status":"closed","template":"fw-template-marques-index.php","meta":{"_acf_changed":false,"_et_pb_use_builder":"","_et_pb_old_content":"","_et_gb_content_width":"","jetpack_post_was_ever_published":false,"footnotes":""},"class_list":["post-2998","page","type-page","status-publish","has-post-thumbnail","hentry"],"acf":[],"yoast_head":"<!-- This site is optimized with the Yoast SEO plugin v27.5 - https:\/\/yoast.com\/product\/yoast-seo-wordpress\/ -->\n<title>The Marken - The Nail Bar - Lausanne Genf Vevey Neuenburg Freiburg Monthey Biel Zuerich<\/title>\n<meta name=\"robots\" content=\"index, follow, max-snippet:-1, max-image-preview:large, max-video-preview:-1\" \/>\n<link rel=\"canonical\" href=\"https:\/\/thenailbar.ch\/de\/the-marken\" \/>\n<meta property=\"og:locale\" content=\"de_DE\" \/>\n<meta property=\"og:type\" content=\"article\" \/>\n<meta property=\"og:title\" content=\"The Marken - The Nail Bar - Lausanne Genf Vevey Neuenburg Freiburg Monthey Biel Zuerich\" \/>\n<meta property=\"og:description\" content=\"Finden Sie Ihre Marke in der Nail Bar! The Nail Bar hat die besten internationalen Marken im Bereich der Hand- und Fusspflege in ihrem Angebot. Diese Marken werden von The Nail Bar erstmals sowohl f\u00fcr die Nagelpflege als auch zum Kauf angeboten. Wir haben die folgenden Marken f\u00fcr Sie getestet und ausgew\u00e4hlt:\" \/>\n<meta property=\"og:url\" content=\"https:\/\/thenailbar.ch\/de\/the-marken\" \/>\n<meta property=\"og:site_name\" content=\"The Nail Bar - Lausanne Genf Vevey Neuenburg Freiburg Monthey Biel Zuerich\" \/>\n<meta property=\"article:publisher\" content=\"https:\/\/www.facebook.com\/thenailbar.nail.switzerland\/\" \/>\n<meta property=\"article:modified_time\" content=\"2017-01-11T14:20:28+00:00\" \/>\n<meta property=\"og:image\" content=\"https:\/\/thenailbar.ch\/wp2\/wp-content\/uploads\/2012\/05\/page-widescreen-themarques.jpg\" \/>\n\t<meta property=\"og:image:width\" content=\"940\" \/>\n\t<meta property=\"og:image:height\" content=\"348\" \/>\n\t<meta property=\"og:image:type\" content=\"image\/jpeg\" \/>\n<meta name=\"twitter:card\" content=\"summary_large_image\" \/>\n<meta name=\"twitter:site\" content=\"@TheNailBarSwiss\" \/>\n<script type=\"application\/ld+json\" class=\"yoast-schema-graph\">{\"@context\":\"https:\\\/\\\/schema.org\",\"@graph\":[{\"@type\":\"WebPage\",\"@id\":\"https:\\\/\\\/thenailbar.ch\\\/de\\\/the-marken\",\"url\":\"https:\\\/\\\/thenailbar.ch\\\/de\\\/the-marken\",\"name\":\"The Marken - The Nail Bar - Lausanne Genf Vevey Neuenburg Freiburg Monthey Biel Zuerich\",\"isPartOf\":{\"@id\":\"https:\\\/\\\/thenailbar.ch\\\/de#website\"},\"primaryImageOfPage\":{\"@id\":\"https:\\\/\\\/thenailbar.ch\\\/de\\\/the-marken#primaryimage\"},\"image\":{\"@id\":\"https:\\\/\\\/thenailbar.ch\\\/de\\\/the-marken#primaryimage\"},\"thumbnailUrl\":\"https:\\\/\\\/thenailbar.ch\\\/wp2\\\/wp-content\\\/uploads\\\/2012\\\/05\\\/page-widescreen-themarques.jpg\",\"datePublished\":\"2016-11-16T14:33:39+00:00\",\"dateModified\":\"2017-01-11T14:20:28+00:00\",\"breadcrumb\":{\"@id\":\"https:\\\/\\\/thenailbar.ch\\\/de\\\/the-marken#breadcrumb\"},\"inLanguage\":\"de\",\"potentialAction\":[{\"@type\":\"ReadAction\",\"target\":[\"https:\\\/\\\/thenailbar.ch\\\/de\\\/the-marken\"]}]},{\"@type\":\"ImageObject\",\"inLanguage\":\"de\",\"@id\":\"https:\\\/\\\/thenailbar.ch\\\/de\\\/the-marken#primaryimage\",\"url\":\"https:\\\/\\\/thenailbar.ch\\\/wp2\\\/wp-content\\\/uploads\\\/2012\\\/05\\\/page-widescreen-themarques.jpg\",\"contentUrl\":\"https:\\\/\\\/thenailbar.ch\\\/wp2\\\/wp-content\\\/uploads\\\/2012\\\/05\\\/page-widescreen-themarques.jpg\",\"width\":\"940\",\"height\":\"348\"},{\"@type\":\"BreadcrumbList\",\"@id\":\"https:\\\/\\\/thenailbar.ch\\\/de\\\/the-marken#breadcrumb\",\"itemListElement\":[{\"@type\":\"ListItem\",\"position\":1,\"name\":\"Accueil\",\"item\":\"https:\\\/\\\/thenailbar.ch\\\/de\"},{\"@type\":\"ListItem\",\"position\":2,\"name\":\"The Marken\"}]},{\"@type\":\"WebSite\",\"@id\":\"https:\\\/\\\/thenailbar.ch\\\/de#website\",\"url\":\"https:\\\/\\\/thenailbar.ch\\\/de\",\"name\":\"The Nail Bar - Sans ou Avec rendez-vous!\",\"description\":\"\u201cOhne oder Mit Termin!\u201d\",\"publisher\":{\"@id\":\"https:\\\/\\\/thenailbar.ch\\\/de#organization\"},\"alternateName\":\"The Nail Bar\",\"potentialAction\":[{\"@type\":\"SearchAction\",\"target\":{\"@type\":\"EntryPoint\",\"urlTemplate\":\"https:\\\/\\\/thenailbar.ch\\\/de?s={search_term_string}\"},\"query-input\":{\"@type\":\"PropertyValueSpecification\",\"valueRequired\":true,\"valueName\":\"search_term_string\"}}],\"inLanguage\":\"de\"},{\"@type\":\"Organization\",\"@id\":\"https:\\\/\\\/thenailbar.ch\\\/de#organization\",\"name\":\"The Nail Bar\",\"url\":\"https:\\\/\\\/thenailbar.ch\\\/de\",\"logo\":{\"@type\":\"ImageObject\",\"inLanguage\":\"de\",\"@id\":\"https:\\\/\\\/thenailbar.ch\\\/de#\\\/schema\\\/logo\\\/image\\\/\",\"url\":\"https:\\\/\\\/i0.wp.com\\\/thenailbar.ch\\\/wp2\\\/wp-content\\\/uploads\\\/2018\\\/09\\\/android-chrome-192x192.png?fit=192%2C192&ssl=1\",\"contentUrl\":\"https:\\\/\\\/i0.wp.com\\\/thenailbar.ch\\\/wp2\\\/wp-content\\\/uploads\\\/2018\\\/09\\\/android-chrome-192x192.png?fit=192%2C192&ssl=1\",\"width\":192,\"height\":192,\"caption\":\"The Nail Bar\"},\"image\":{\"@id\":\"https:\\\/\\\/thenailbar.ch\\\/de#\\\/schema\\\/logo\\\/image\\\/\"},\"sameAs\":[\"https:\\\/\\\/www.facebook.com\\\/thenailbar.nail.switzerland\\\/\",\"https:\\\/\\\/x.com\\\/TheNailBarSwiss\",\"https:\\\/\\\/www.instagram.com\\\/thenailbarswitzerland\\\/\",\"https:\\\/\\\/www.pinterest.ch\\\/thenailbarswitzerland\\\/\",\"https:\\\/\\\/www.youtube.com\\\/channel\\\/UCAZSdCTBJp-1F91xL1wZHQg\"]}]}<\/script>\n<!-- \/ Yoast SEO plugin. -->","yoast_head_json":{"title":"The Marken - The Nail Bar - Lausanne Genf Vevey Neuenburg Freiburg Monthey Biel Zuerich","robots":{"index":"index","follow":"follow","max-snippet":"max-snippet:-1","max-image-preview":"max-image-preview:large","max-video-preview":"max-video-preview:-1"},"canonical":"https:\/\/thenailbar.ch\/de\/the-marken","og_locale":"de_DE","og_type":"article","og_title":"The Marken - The Nail Bar - Lausanne Genf Vevey Neuenburg Freiburg Monthey Biel Zuerich","og_description":"Finden Sie Ihre Marke in der Nail Bar! The Nail Bar hat die besten internationalen Marken im Bereich der Hand- und Fusspflege in ihrem Angebot. Diese Marken werden von The Nail Bar erstmals sowohl f\u00fcr die Nagelpflege als auch zum Kauf angeboten. Wir haben die folgenden Marken f\u00fcr Sie getestet und ausgew\u00e4hlt:","og_url":"https:\/\/thenailbar.ch\/de\/the-marken","og_site_name":"The Nail Bar - Lausanne Genf Vevey Neuenburg Freiburg Monthey Biel Zuerich","article_publisher":"https:\/\/www.facebook.com\/thenailbar.nail.switzerland\/","article_modified_time":"2017-01-11T14:20:28+00:00","og_image":[{"width":940,"height":348,"url":"https:\/\/thenailbar.ch\/wp2\/wp-content\/uploads\/2012\/05\/page-widescreen-themarques.jpg","type":"image\/jpeg"}],"twitter_card":"summary_large_image","twitter_site":"@TheNailBarSwiss","schema":{"@context":"https:\/\/schema.org","@graph":[{"@type":"WebPage","@id":"https:\/\/thenailbar.ch\/de\/the-marken","url":"https:\/\/thenailbar.ch\/de\/the-marken","name":"The Marken - The Nail Bar - Lausanne Genf Vevey Neuenburg Freiburg Monthey Biel Zuerich","isPartOf":{"@id":"https:\/\/thenailbar.ch\/de#website"},"primaryImageOfPage":{"@id":"https:\/\/thenailbar.ch\/de\/the-marken#primaryimage"},"image":{"@id":"https:\/\/thenailbar.ch\/de\/the-marken#primaryimage"},"thumbnailUrl":"https:\/\/thenailbar.ch\/wp2\/wp-content\/uploads\/2012\/05\/page-widescreen-themarques.jpg","datePublished":"2016-11-16T14:33:39+00:00","dateModified":"2017-01-11T14:20:28+00:00","breadcrumb":{"@id":"https:\/\/thenailbar.ch\/de\/the-marken#breadcrumb"},"inLanguage":"de","potentialAction":[{"@type":"ReadAction","target":["https:\/\/thenailbar.ch\/de\/the-marken"]}]},{"@type":"ImageObject","inLanguage":"de","@id":"https:\/\/thenailbar.ch\/de\/the-marken#primaryimage","url":"https:\/\/thenailbar.ch\/wp2\/wp-content\/uploads\/2012\/05\/page-widescreen-themarques.jpg","contentUrl":"https:\/\/thenailbar.ch\/wp2\/wp-content\/uploads\/2012\/05\/page-widescreen-themarques.jpg","width":"940","height":"348"},{"@type":"BreadcrumbList","@id":"https:\/\/thenailbar.ch\/de\/the-marken#breadcrumb","itemListElement":[{"@type":"ListItem","position":1,"name":"Accueil","item":"https:\/\/thenailbar.ch\/de"},{"@type":"ListItem","position":2,"name":"The Marken"}]},{"@type":"WebSite","@id":"https:\/\/thenailbar.ch\/de#website","url":"https:\/\/thenailbar.ch\/de","name":"The Nail Bar - Sans ou Avec rendez-vous!","description":"\u201cOhne oder Mit Termin!\u201d","publisher":{"@id":"https:\/\/thenailbar.ch\/de#organization"},"alternateName":"The Nail Bar","potentialAction":[{"@type":"SearchAction","target":{"@type":"EntryPoint","urlTemplate":"https:\/\/thenailbar.ch\/de?s={search_term_string}"},"query-input":{"@type":"PropertyValueSpecification","valueRequired":true,"valueName":"search_term_string"}}],"inLanguage":"de"},{"@type":"Organization","@id":"https:\/\/thenailbar.ch\/de#organization","name":"The Nail Bar","url":"https:\/\/thenailbar.ch\/de","logo":{"@type":"ImageObject","inLanguage":"de","@id":"https:\/\/thenailbar.ch\/de#\/schema\/logo\/image\/","url":"https:\/\/i0.wp.com\/thenailbar.ch\/wp2\/wp-content\/uploads\/2018\/09\/android-chrome-192x192.png?fit=192%2C192&ssl=1","contentUrl":"https:\/\/i0.wp.com\/thenailbar.ch\/wp2\/wp-content\/uploads\/2018\/09\/android-chrome-192x192.png?fit=192%2C192&ssl=1","width":192,"height":192,"caption":"The Nail Bar"},"image":{"@id":"https:\/\/thenailbar.ch\/de#\/schema\/logo\/image\/"},"sameAs":["https:\/\/www.facebook.com\/thenailbar.nail.switzerland\/","https:\/\/x.com\/TheNailBarSwiss","https:\/\/www.instagram.com\/thenailbarswitzerland\/","https:\/\/www.pinterest.ch\/thenailbarswitzerland\/","https:\/\/www.youtube.com\/channel\/UCAZSdCTBJp-1F91xL1wZHQg"]}]}},"jetpack_sharing_enabled":true,"jetpack-related-posts":[],"jetpack_shortlink":"https:\/\/wp.me\/PatLF0-Mm","_links":{"self":[{"href":"https:\/\/thenailbar.ch\/de\/wp-json\/wp\/v2\/pages\/2998","targetHints":{"allow":["GET"]}}],"collection":[{"href":"https:\/\/thenailbar.ch\/de\/wp-json\/wp\/v2\/pages"}],"about":[{"href":"https:\/\/thenailbar.ch\/de\/wp-json\/wp\/v2\/types\/page"}],"author":[{"embeddable":true,"href":"https:\/\/thenailbar.ch\/de\/wp-json\/wp\/v2\/users\/1"}],"replies":[{"embeddable":true,"href":"https:\/\/thenailbar.ch\/de\/wp-json\/wp\/v2\/comments?post=2998"}],"version-history":[{"count":0,"href":"https:\/\/thenailbar.ch\/de\/wp-json\/wp\/v2\/pages\/2998\/revisions"}],"wp:featuredmedia":[{"embeddable":true,"href":"https:\/\/thenailbar.ch\/de\/wp-json\/wp\/v2\/media\/2140"}],"wp:attachment":[{"href":"https:\/\/thenailbar.ch\/de\/wp-json\/wp\/v2\/media?parent=2998"}],"curies":[{"name":"wp","href":"https:\/\/api.w.org\/{rel}","templated":true}]}}