{"id":2996,"date":"2012-03-25T23:32:31","date_gmt":"2012-03-25T21:32:31","guid":{"rendered":"https:\/\/thenailbar.ch\/de\/drinks.html"},"modified":"2025-10-22T10:48:05","modified_gmt":"2025-10-22T08:48:05","slug":"drinks","status":"publish","type":"page","link":"https:\/\/thenailbar.ch\/de\/the-menu\/drinks","title":{"rendered":"Es ist tats\u00e4chlich auch eine echte Bar!"},"content":{"rendered":"<p>[et_pb_section fb_built=&#8220;1&#8243; fullwidth=&#8220;on&#8220; _builder_version=&#8220;4.16&#8243; _module_preset=&#8220;default&#8220; use_background_color_gradient=&#8220;on&#8220; background_color_gradient_stops=&#8220;#5a0076 0%|rgba(90,0,118,0.5) 100%&#8220; background_color_gradient_start=&#8220;#5a0076&#8243; background_color_gradient_end=&#8220;rgba(90,0,118,0.5)&#8220; width=&#8220;100%&#8220; max_width=&#8220;100%&#8220; module_alignment=&#8220;center&#8220; bottom_divider_style=&#8220;curve2&#8243; bottom_divider_color=&#8220;#f6e8ff&#8220; bottom_divider_style_tablet=&#8220;&#8220; bottom_divider_style_phone=&#8220;none&#8220; bottom_divider_style_last_edited=&#8220;on|tablet&#8220; global_colors_info=&#8220;{}&#8220;][et_pb_fullwidth_header _builder_version=&#8220;4.20.2&#8243; _module_preset=&#8220;default&#8220; background_color=&#8220;rgba(0,0,0,0)&#8220; background_image=&#8220;https:\/\/thenailbar.ch\/wp2\/wp-content\/uploads\/2019\/02\/IMG-20181128-WA0005.jpg&#8220; background_position=&#8220;bottom_center&#8220; width=&#8220;100%&#8220; max_width=&#8220;100%&#8220; module_alignment=&#8220;center&#8220; height=&#8220;460px&#8220; height_tablet=&#8220;420px&#8220; height_phone=&#8220;100vw&#8220; height_last_edited=&#8220;on|phone&#8220; global_colors_info=&#8220;{}&#8220;][\/et_pb_fullwidth_header][\/et_pb_section][et_pb_section fb_built=&#8220;1&#8243; admin_label=&#8220;section&#8220; _builder_version=&#8220;4.16&#8243; _module_preset=&#8220;default&#8220; background_color=&#8220;rgba(0,0,0,0)&#8220; custom_margin=&#8220;0px|0px|75px|0px|false|true&#8220; custom_padding=&#8220;0px|0px|0px|0px|true|true&#8220; global_colors_info=&#8220;{}&#8220;][et_pb_row _builder_version=&#8220;4.20.2&#8243; _module_preset=&#8220;fc37e717-4252-41db-8d4e-14cf19aefec1&#8243; max_width=&#8220;800px&#8220; global_colors_info=&#8220;{}&#8220; custom_padding__hover_enabled=&#8220;off|desktop&#8220;][et_pb_column type=&#8220;4_4&#8243; _builder_version=&#8220;4.16&#8243; _module_preset=&#8220;default&#8220; global_colors_info=&#8220;{}&#8220;][et_pb_text admin_label=&#8220;Text&#8220; _builder_version=&#8220;4.22.2&#8243; _module_preset=&#8220;fced1e13-f036-4b94-96a6-f63b6587fb5d&#8220; text_font_size=&#8220;16px&#8220; link_font=&#8220;||||||||&#8220; header_text_align=&#8220;center&#8220; header_2_letter_spacing=&#8220;-0.07em&#8220; background_size=&#8220;initial&#8220; background_position=&#8220;top_left&#8220; background_repeat=&#8220;repeat&#8220; custom_margin_tablet=&#8220;45px||75px||false|false&#8220; custom_margin_last_edited=&#8220;off|desktop&#8220; custom_padding_tablet=&#8220;|||0px|false|false&#8220; custom_padding_last_edited=&#8220;off|desktop&#8220; hover_enabled=&#8220;0&#8243; global_colors_info=&#8220;{}&#8220; sticky_enabled=&#8220;0&#8243;]<\/p>\n<h1>Es ist tats\u00e4chlich auch <strong>eine echte Bar<\/strong>!<\/h1>\n<p>&nbsp;<\/p>\n<p><strong>Was k\u00f6nnte es Sch\u00f6neres geben, als gem\u00fctlich an einem Getr\u00e4nk zu nippen, w\u00e4hrend man sich bei einer Manik\u00fcre oder Pedik\u00fcre entspannt?<\/strong><\/p>\n<p>The Nail Bar bietet Ihnen eine Getr\u00e4nkekarte an. Diese Zusatzleistung ist indessen f\u00fcr uns untrennbar mit dem Gef\u00fchl der Entspannung bei der Manik\u00fcre verbunden. Ihre Getr\u00e4nke sind daher im Preis f\u00fcr unsere Behandlungen inbegriffen.<\/p>\n<p>Warum kommen Sie nicht einfach mit Ihrer Freundin zum morgendlichen Tee vorbei und lassen sich gleichzeitig die N\u00e4gel lackieren? Auch Ihrem Partner servieren wir gern einen Espresso, w\u00e4hrend er auf Sie wartet!<\/p>\n<p><span lang=\"DE-CH\">Wir haben die Nail Bars als einladenden Ort f\u00fcr ein geselliges Zusammensein konzipiert, daher die Bar. Z\u00f6gern Sie also nicht, mit Ihren Freundinnen zu einer Plauderstunde vorbei zu kommen und dabei Ihr bevorzugtes Getr\u00e4nk zu geniessen.<\/span><\/p>\n<p><span lang=\"DE-CH\">W\u00e4hlen Sie Ihre Behandlung und fragen Sie nach der Getr\u00e4nkekarte!<\/span><\/p>\n<p>[\/et_pb_text][et_pb_text admin_label=&#8220;Text&#8220; _builder_version=&#8220;4.20.2&#8243; _module_preset=&#8220;fced1e13-f036-4b94-96a6-f63b6587fb5d&#8220; text_font_size=&#8220;16px&#8220; link_font=&#8220;||||||||&#8220; header_text_align=&#8220;center&#8220; header_2_letter_spacing=&#8220;-0.07em&#8220; background_size=&#8220;initial&#8220; background_position=&#8220;top_left&#8220; background_repeat=&#8220;repeat&#8220; custom_margin_tablet=&#8220;45px||75px||false|false&#8220; custom_margin_last_edited=&#8220;off|desktop&#8220; custom_padding_tablet=&#8220;|||0px|false|false&#8220; custom_padding_last_edited=&#8220;off|desktop&#8220; global_colors_info=&#8220;{}&#8220;]<\/p>\n<h2>Getr\u00e4nke<\/h2>\n<p>Neben dem traditionellen Kaffee oder einem Glas Wasser bietet The Nail Bar Ihnen mit Sirups von Morand jede Menge Farbe und mit den Tees von Tekoe eine bunte Geschmacksvielfalt.<\/p>\n<p>[\/et_pb_text][\/et_pb_column][\/et_pb_row][et_pb_row column_structure=&#8220;1_2,1_2&#8243; _builder_version=&#8220;4.20.2&#8243; _module_preset=&#8220;default&#8220; max_width=&#8220;800px&#8220; custom_margin=&#8220;0px||||false|false&#8220; custom_padding=&#8220;0px||||false|false&#8220; global_colors_info=&#8220;{}&#8220;][et_pb_column type=&#8220;1_2&#8243; _builder_version=&#8220;4.20.2&#8243; _module_preset=&#8220;default&#8220; background_color=&#8220;#FFFFFF&#8220; custom_padding=&#8220;30px|30px|45px|30px|false|true&#8220; link_option_url=&#8220;https:\/\/tekoe.com\/de\/&#8220; link_option_url_new_window=&#8220;on&#8220; border_radii=&#8220;on|30px|30px|30px|30px&#8220; box_shadow_style=&#8220;preset3&#8243; box_shadow_color=&#8220;RGBA(255,255,255,0)&#8220; global_colors_info=&#8220;{}&#8220; box_shadow_color__hover_enabled=&#8220;on|hover&#8220; box_shadow_color__hover=&#8220;#50037f&#8220;][et_pb_image src=&#8220;https:\/\/thenailbar.ch\/wp2\/wp-content\/uploads\/2012\/03\/logo-tekoe-e1680346893612.png&#8220; title_text=&#8220;logo-tekoe&#8220; url_new_window=&#8220;on&#8220; show_bottom_space=&#8220;off&#8220; align=&#8220;center&#8220; _builder_version=&#8220;4.20.2&#8243; _module_preset=&#8220;default&#8220; height=&#8220;80px&#8220; custom_margin=&#8220;||30px||false|false&#8220; custom_padding=&#8220;30px||30px||true|false&#8220; global_colors_info=&#8220;{}&#8220;][\/et_pb_image][et_pb_text _builder_version=&#8220;4.20.2&#8243; text_font_size=&#8220;16px&#8220; background_size=&#8220;initial&#8220; background_position=&#8220;top_left&#8220; background_repeat=&#8220;repeat&#8220; global_colors_info=&#8220;{}&#8220;]<\/p>\n<h3>Tees von <strong>TEKOE<\/strong><\/h3>\n<p><em>Am treffendsten lassen sich die Tees von Tekoe mit den Begriffen \u00abQualit\u00e4t\u00bb und \u00abschmackhaft\u00bb beschreiben. Es handelt sich um Produkte bester Qualit\u00e4t, die unmittelbar von den Plantagen kommen und nach ethischen Grunds\u00e4tzen \u2013 insbesondere was Menschenrechte und Umwelt betrifft \u2013 angebaut und vertrieben werden.<\/em><\/p>\n<p><em>Das gemeinsam mit Tekoe zusammengestellte Angebot in den Nail Bars \u00e4ndert sich je nach Jahreszeit, sodass Sie sowohl die Klassiker als auch die Spezialit\u00e4ten von Tekoe entdecken k\u00f6nnen.<\/em><\/p>\n<p>Schliessen Sie einfach die Augen und entspannen Sie sich\u2026<\/p>\n<p>[\/et_pb_text][\/et_pb_column][et_pb_column type=&#8220;1_2&#8243; _builder_version=&#8220;4.20.2&#8243; _module_preset=&#8220;default&#8220; background_color=&#8220;#FFFFFF&#8220; custom_padding=&#8220;30px|30px|45px|30px|false|true&#8220; link_option_url=&#8220;https:\/\/www.lesbonssirops.ch\/de&#8220; link_option_url_new_window=&#8220;on&#8220; border_radii=&#8220;on|30px|30px|30px|30px&#8220; box_shadow_style=&#8220;preset3&#8243; box_shadow_color=&#8220;RGBA(255,255,255,0)&#8220; global_colors_info=&#8220;{}&#8220; box_shadow_color__hover_enabled=&#8220;on|hover&#8220; box_shadow_color__hover=&#8220;#50037f&#8220;][et_pb_image src=&#8220;https:\/\/thenailbar.ch\/wp2\/wp-content\/uploads\/2019\/05\/SCAUX-MORAND-sirop-002-195&#215;195.png&#8220; url_new_window=&#8220;on&#8220; show_bottom_space=&#8220;off&#8220; align=&#8220;center&#8220; _builder_version=&#8220;4.20.2&#8243; _module_preset=&#8220;default&#8220; height=&#8220;140px&#8220; custom_margin=&#8220;||30px||false|false&#8220; global_colors_info=&#8220;{}&#8220;][\/et_pb_image][et_pb_text _builder_version=&#8220;4.20.2&#8243; text_font_size=&#8220;16px&#8220; background_size=&#8220;initial&#8220; background_position=&#8220;top_left&#8220; background_repeat=&#8220;repeat&#8220; global_colors_info=&#8220;{}&#8220;]<\/p>\n<h3>Sirups von <strong>MORAND<\/strong><\/h3>\n<p><em>Die Distillerie Morand, 1889 in Martigny gegr\u00fcndet, bietet f\u00fcr das Wallis typische Produkte und eine lange Qualit\u00e4tstradition.<\/em><\/p>\n<p><em>Seit \u00fcber einem Jahrhundert begleiten die k\u00f6stlichen Sirups von Morand den Familienalltag. Die traditionellen Rezepte, nostalgische Aromen wie Grenadine, Citronnelle, Orangenbl\u00fcten und Frauenhaarfarn lassen die Kindheit wieder aufleben. Aprikosen- und Birnensirup bringen den unvergleichlichen Geschmack der Walliser Fr\u00fcchte zur Geltung.<\/em><\/p>\n<p>Unsere Sirup-Karte folgt den Jahreszeiten und wird Sie \u00fcberraschen!<\/p>\n<p>[\/et_pb_text][\/et_pb_column][\/et_pb_row][et_pb_row _builder_version=&#8220;4.20.2&#8243; _module_preset=&#8220;default&#8220; max_width=&#8220;800px&#8220; global_colors_info=&#8220;{}&#8220;][et_pb_column type=&#8220;4_4&#8243; _builder_version=&#8220;4.20.2&#8243; _module_preset=&#8220;default&#8220; global_colors_info=&#8220;{}&#8220;][et_pb_text _builder_version=&#8220;4.20.2&#8243; text_text_color=&#8220;#50037f&#8220; header_2_font=&#8220;|300|||||||&#8220; header_2_line_height=&#8220;1.2em&#8220; background_size=&#8220;initial&#8220; background_position=&#8220;top_left&#8220; background_repeat=&#8220;repeat&#8220; text_orientation=&#8220;center&#8220; global_colors_info=&#8220;{}&#8220;]<\/p>\n<h2>Bei der Manik\u00fcre und Pedik\u00fcre bietet Ihnen The Nail Bar nur das Beste \u2013 und <strong>gleiches gilt f\u00fcr die Getr\u00e4nke<\/strong> !<\/h2>\n<p>[\/et_pb_text][\/et_pb_column][\/et_pb_row][\/et_pb_section]<\/p>\n","protected":false},"excerpt":{"rendered":"<p>Es ist tats\u00e4chlich auch eine echte Bar! &nbsp; Was&#8230;<\/p>\n","protected":false},"author":1,"featured_media":2080,"parent":2909,"menu_order":3,"comment_status":"closed","ping_status":"closed","template":"fw-divi-builder.php","meta":{"_acf_changed":false,"_et_pb_use_builder":"on","_et_pb_old_content":"","_et_gb_content_width":"","footnotes":""},"class_list":["post-2996","page","type-page","status-publish","has-post-thumbnail","hentry"],"acf":[],"yoast_head":"<!-- This site is optimized with the Yoast SEO plugin v27.5 - https:\/\/yoast.com\/product\/yoast-seo-wordpress\/ -->\n<title>Es ist tats\u00e4chlich auch eine echte Bar! - The Nail Bar - Lausanne Genf Vevey Neuenburg Freiburg Monthey Biel Zuerich<\/title>\n<meta name=\"description\" content=\"Bei der Manik\u00fcre und Pedik\u00fcre bietet Ihnen The Nail Bar nur das Beste \u2013 und gleiches gilt f\u00fcr die Getr\u00e4nke!\" \/>\n<meta name=\"robots\" content=\"index, follow, max-snippet:-1, max-image-preview:large, max-video-preview:-1\" \/>\n<link rel=\"canonical\" href=\"https:\/\/thenailbar.ch\/de\/the-menu\/drinks\" \/>\n<meta property=\"og:locale\" content=\"de_DE\" \/>\n<meta property=\"og:type\" content=\"article\" \/>\n<meta property=\"og:title\" content=\"Es ist tats\u00e4chlich auch eine echte Bar! - The Nail Bar - Lausanne Genf Vevey Neuenburg Freiburg Monthey Biel Zuerich\" \/>\n<meta property=\"og:description\" content=\"Bei der Manik\u00fcre und Pedik\u00fcre bietet Ihnen The Nail Bar nur das Beste \u2013 und gleiches gilt f\u00fcr die Getr\u00e4nke!\" \/>\n<meta property=\"og:url\" content=\"https:\/\/thenailbar.ch\/de\/the-menu\/drinks\" \/>\n<meta property=\"og:site_name\" content=\"The Nail Bar - Lausanne Genf Vevey Neuenburg Freiburg Monthey Biel Zuerich\" \/>\n<meta property=\"article:publisher\" content=\"https:\/\/www.facebook.com\/thenailbar.nail.switzerland\/\" \/>\n<meta property=\"article:modified_time\" content=\"2025-10-22T08:48:05+00:00\" \/>\n<meta property=\"og:image\" content=\"https:\/\/thenailbar.ch\/wp2\/wp-content\/uploads\/2012\/03\/page-bigpic-drinks.jpg\" \/>\n\t<meta property=\"og:image:width\" content=\"480\" \/>\n\t<meta property=\"og:image:height\" content=\"480\" \/>\n\t<meta property=\"og:image:type\" content=\"image\/jpeg\" \/>\n<meta name=\"twitter:card\" content=\"summary_large_image\" \/>\n<meta name=\"twitter:site\" content=\"@TheNailBarSwiss\" \/>\n<meta name=\"twitter:label1\" content=\"Gesch\u00e4tzte Lesezeit\" \/>\n\t<meta name=\"twitter:data1\" content=\"2\u00a0Minuten\" \/>\n<script type=\"application\/ld+json\" class=\"yoast-schema-graph\">{\"@context\":\"https:\\\/\\\/schema.org\",\"@graph\":[{\"@type\":\"WebPage\",\"@id\":\"https:\\\/\\\/thenailbar.ch\\\/de\\\/the-menu\\\/drinks\",\"url\":\"https:\\\/\\\/thenailbar.ch\\\/de\\\/the-menu\\\/drinks\",\"name\":\"Es ist tats\u00e4chlich auch eine echte Bar! - The Nail Bar - Lausanne Genf Vevey Neuenburg Freiburg Monthey Biel Zuerich\",\"isPartOf\":{\"@id\":\"https:\\\/\\\/thenailbar.ch\\\/de#website\"},\"primaryImageOfPage\":{\"@id\":\"https:\\\/\\\/thenailbar.ch\\\/de\\\/the-menu\\\/drinks#primaryimage\"},\"image\":{\"@id\":\"https:\\\/\\\/thenailbar.ch\\\/de\\\/the-menu\\\/drinks#primaryimage\"},\"thumbnailUrl\":\"https:\\\/\\\/thenailbar.ch\\\/wp2\\\/wp-content\\\/uploads\\\/2012\\\/03\\\/page-bigpic-drinks.jpg\",\"datePublished\":\"2012-03-25T21:32:31+00:00\",\"dateModified\":\"2025-10-22T08:48:05+00:00\",\"description\":\"Bei der Manik\u00fcre und Pedik\u00fcre bietet Ihnen The Nail Bar nur das Beste \u2013 und gleiches gilt f\u00fcr die Getr\u00e4nke!\",\"breadcrumb\":{\"@id\":\"https:\\\/\\\/thenailbar.ch\\\/de\\\/the-menu\\\/drinks#breadcrumb\"},\"inLanguage\":\"de\",\"potentialAction\":[{\"@type\":\"ReadAction\",\"target\":[\"https:\\\/\\\/thenailbar.ch\\\/de\\\/the-menu\\\/drinks\"]}]},{\"@type\":\"ImageObject\",\"inLanguage\":\"de\",\"@id\":\"https:\\\/\\\/thenailbar.ch\\\/de\\\/the-menu\\\/drinks#primaryimage\",\"url\":\"https:\\\/\\\/thenailbar.ch\\\/wp2\\\/wp-content\\\/uploads\\\/2012\\\/03\\\/page-bigpic-drinks.jpg\",\"contentUrl\":\"https:\\\/\\\/thenailbar.ch\\\/wp2\\\/wp-content\\\/uploads\\\/2012\\\/03\\\/page-bigpic-drinks.jpg\",\"width\":\"480\",\"height\":\"480\"},{\"@type\":\"BreadcrumbList\",\"@id\":\"https:\\\/\\\/thenailbar.ch\\\/de\\\/the-menu\\\/drinks#breadcrumb\",\"itemListElement\":[{\"@type\":\"ListItem\",\"position\":1,\"name\":\"Accueil\",\"item\":\"https:\\\/\\\/thenailbar.ch\\\/de\"},{\"@type\":\"ListItem\",\"position\":2,\"name\":\"The Menu\",\"item\":\"https:\\\/\\\/thenailbar.ch\\\/de\\\/the-menu\"},{\"@type\":\"ListItem\",\"position\":3,\"name\":\"Es ist tats\u00e4chlich auch eine echte Bar!\"}]},{\"@type\":\"WebSite\",\"@id\":\"https:\\\/\\\/thenailbar.ch\\\/de#website\",\"url\":\"https:\\\/\\\/thenailbar.ch\\\/de\",\"name\":\"The Nail Bar - Sans ou Avec rendez-vous!\",\"description\":\"\u201cOhne oder Mit Termin!\u201d\",\"publisher\":{\"@id\":\"https:\\\/\\\/thenailbar.ch\\\/de#organization\"},\"alternateName\":\"The Nail Bar\",\"potentialAction\":[{\"@type\":\"SearchAction\",\"target\":{\"@type\":\"EntryPoint\",\"urlTemplate\":\"https:\\\/\\\/thenailbar.ch\\\/de?s={search_term_string}\"},\"query-input\":{\"@type\":\"PropertyValueSpecification\",\"valueRequired\":true,\"valueName\":\"search_term_string\"}}],\"inLanguage\":\"de\"},{\"@type\":\"Organization\",\"@id\":\"https:\\\/\\\/thenailbar.ch\\\/de#organization\",\"name\":\"The Nail Bar\",\"url\":\"https:\\\/\\\/thenailbar.ch\\\/de\",\"logo\":{\"@type\":\"ImageObject\",\"inLanguage\":\"de\",\"@id\":\"https:\\\/\\\/thenailbar.ch\\\/de#\\\/schema\\\/logo\\\/image\\\/\",\"url\":\"https:\\\/\\\/i0.wp.com\\\/thenailbar.ch\\\/wp2\\\/wp-content\\\/uploads\\\/2018\\\/09\\\/android-chrome-192x192.png?fit=192%2C192&ssl=1\",\"contentUrl\":\"https:\\\/\\\/i0.wp.com\\\/thenailbar.ch\\\/wp2\\\/wp-content\\\/uploads\\\/2018\\\/09\\\/android-chrome-192x192.png?fit=192%2C192&ssl=1\",\"width\":192,\"height\":192,\"caption\":\"The Nail Bar\"},\"image\":{\"@id\":\"https:\\\/\\\/thenailbar.ch\\\/de#\\\/schema\\\/logo\\\/image\\\/\"},\"sameAs\":[\"https:\\\/\\\/www.facebook.com\\\/thenailbar.nail.switzerland\\\/\",\"https:\\\/\\\/x.com\\\/TheNailBarSwiss\",\"https:\\\/\\\/www.instagram.com\\\/thenailbarswitzerland\\\/\",\"https:\\\/\\\/www.pinterest.ch\\\/thenailbarswitzerland\\\/\",\"https:\\\/\\\/www.youtube.com\\\/channel\\\/UCAZSdCTBJp-1F91xL1wZHQg\"]}]}<\/script>\n<!-- \/ Yoast SEO plugin. -->","yoast_head_json":{"title":"Es ist tats\u00e4chlich auch eine echte Bar! - The Nail Bar - Lausanne Genf Vevey Neuenburg Freiburg Monthey Biel Zuerich","description":"Bei der Manik\u00fcre und Pedik\u00fcre bietet Ihnen The Nail Bar nur das Beste \u2013 und gleiches gilt f\u00fcr die Getr\u00e4nke!","robots":{"index":"index","follow":"follow","max-snippet":"max-snippet:-1","max-image-preview":"max-image-preview:large","max-video-preview":"max-video-preview:-1"},"canonical":"https:\/\/thenailbar.ch\/de\/the-menu\/drinks","og_locale":"de_DE","og_type":"article","og_title":"Es ist tats\u00e4chlich auch eine echte Bar! - The Nail Bar - Lausanne Genf Vevey Neuenburg Freiburg Monthey Biel Zuerich","og_description":"Bei der Manik\u00fcre und Pedik\u00fcre bietet Ihnen The Nail Bar nur das Beste \u2013 und gleiches gilt f\u00fcr die Getr\u00e4nke!","og_url":"https:\/\/thenailbar.ch\/de\/the-menu\/drinks","og_site_name":"The Nail Bar - Lausanne Genf Vevey Neuenburg Freiburg Monthey Biel Zuerich","article_publisher":"https:\/\/www.facebook.com\/thenailbar.nail.switzerland\/","article_modified_time":"2025-10-22T08:48:05+00:00","og_image":[{"width":480,"height":480,"url":"https:\/\/thenailbar.ch\/wp2\/wp-content\/uploads\/2012\/03\/page-bigpic-drinks.jpg","type":"image\/jpeg"}],"twitter_card":"summary_large_image","twitter_site":"@TheNailBarSwiss","twitter_misc":{"Gesch\u00e4tzte Lesezeit":"2\u00a0Minuten"},"schema":{"@context":"https:\/\/schema.org","@graph":[{"@type":"WebPage","@id":"https:\/\/thenailbar.ch\/de\/the-menu\/drinks","url":"https:\/\/thenailbar.ch\/de\/the-menu\/drinks","name":"Es ist tats\u00e4chlich auch eine echte Bar! - The Nail Bar - Lausanne Genf Vevey Neuenburg Freiburg Monthey Biel Zuerich","isPartOf":{"@id":"https:\/\/thenailbar.ch\/de#website"},"primaryImageOfPage":{"@id":"https:\/\/thenailbar.ch\/de\/the-menu\/drinks#primaryimage"},"image":{"@id":"https:\/\/thenailbar.ch\/de\/the-menu\/drinks#primaryimage"},"thumbnailUrl":"https:\/\/thenailbar.ch\/wp2\/wp-content\/uploads\/2012\/03\/page-bigpic-drinks.jpg","datePublished":"2012-03-25T21:32:31+00:00","dateModified":"2025-10-22T08:48:05+00:00","description":"Bei der Manik\u00fcre und Pedik\u00fcre bietet Ihnen The Nail Bar nur das Beste \u2013 und gleiches gilt f\u00fcr die Getr\u00e4nke!","breadcrumb":{"@id":"https:\/\/thenailbar.ch\/de\/the-menu\/drinks#breadcrumb"},"inLanguage":"de","potentialAction":[{"@type":"ReadAction","target":["https:\/\/thenailbar.ch\/de\/the-menu\/drinks"]}]},{"@type":"ImageObject","inLanguage":"de","@id":"https:\/\/thenailbar.ch\/de\/the-menu\/drinks#primaryimage","url":"https:\/\/thenailbar.ch\/wp2\/wp-content\/uploads\/2012\/03\/page-bigpic-drinks.jpg","contentUrl":"https:\/\/thenailbar.ch\/wp2\/wp-content\/uploads\/2012\/03\/page-bigpic-drinks.jpg","width":"480","height":"480"},{"@type":"BreadcrumbList","@id":"https:\/\/thenailbar.ch\/de\/the-menu\/drinks#breadcrumb","itemListElement":[{"@type":"ListItem","position":1,"name":"Accueil","item":"https:\/\/thenailbar.ch\/de"},{"@type":"ListItem","position":2,"name":"The Menu","item":"https:\/\/thenailbar.ch\/de\/the-menu"},{"@type":"ListItem","position":3,"name":"Es ist tats\u00e4chlich auch eine echte Bar!"}]},{"@type":"WebSite","@id":"https:\/\/thenailbar.ch\/de#website","url":"https:\/\/thenailbar.ch\/de","name":"The Nail Bar - Sans ou Avec rendez-vous!","description":"\u201cOhne oder Mit Termin!\u201d","publisher":{"@id":"https:\/\/thenailbar.ch\/de#organization"},"alternateName":"The Nail Bar","potentialAction":[{"@type":"SearchAction","target":{"@type":"EntryPoint","urlTemplate":"https:\/\/thenailbar.ch\/de?s={search_term_string}"},"query-input":{"@type":"PropertyValueSpecification","valueRequired":true,"valueName":"search_term_string"}}],"inLanguage":"de"},{"@type":"Organization","@id":"https:\/\/thenailbar.ch\/de#organization","name":"The Nail Bar","url":"https:\/\/thenailbar.ch\/de","logo":{"@type":"ImageObject","inLanguage":"de","@id":"https:\/\/thenailbar.ch\/de#\/schema\/logo\/image\/","url":"https:\/\/i0.wp.com\/thenailbar.ch\/wp2\/wp-content\/uploads\/2018\/09\/android-chrome-192x192.png?fit=192%2C192&ssl=1","contentUrl":"https:\/\/i0.wp.com\/thenailbar.ch\/wp2\/wp-content\/uploads\/2018\/09\/android-chrome-192x192.png?fit=192%2C192&ssl=1","width":192,"height":192,"caption":"The Nail Bar"},"image":{"@id":"https:\/\/thenailbar.ch\/de#\/schema\/logo\/image\/"},"sameAs":["https:\/\/www.facebook.com\/thenailbar.nail.switzerland\/","https:\/\/x.com\/TheNailBarSwiss","https:\/\/www.instagram.com\/thenailbarswitzerland\/","https:\/\/www.pinterest.ch\/thenailbarswitzerland\/","https:\/\/www.youtube.com\/channel\/UCAZSdCTBJp-1F91xL1wZHQg"]}]}},"jetpack_sharing_enabled":true,"jetpack-related-posts":[],"jetpack_shortlink":"https:\/\/wp.me\/PatLF0-Mk","_links":{"self":[{"href":"https:\/\/thenailbar.ch\/de\/wp-json\/wp\/v2\/pages\/2996","targetHints":{"allow":["GET"]}}],"collection":[{"href":"https:\/\/thenailbar.ch\/de\/wp-json\/wp\/v2\/pages"}],"about":[{"href":"https:\/\/thenailbar.ch\/de\/wp-json\/wp\/v2\/types\/page"}],"author":[{"embeddable":true,"href":"https:\/\/thenailbar.ch\/de\/wp-json\/wp\/v2\/users\/1"}],"replies":[{"embeddable":true,"href":"https:\/\/thenailbar.ch\/de\/wp-json\/wp\/v2\/comments?post=2996"}],"version-history":[{"count":5,"href":"https:\/\/thenailbar.ch\/de\/wp-json\/wp\/v2\/pages\/2996\/revisions"}],"predecessor-version":[{"id":16131,"href":"https:\/\/thenailbar.ch\/de\/wp-json\/wp\/v2\/pages\/2996\/revisions\/16131"}],"up":[{"embeddable":true,"href":"https:\/\/thenailbar.ch\/de\/wp-json\/wp\/v2\/pages\/2909"}],"wp:featuredmedia":[{"embeddable":true,"href":"https:\/\/thenailbar.ch\/de\/wp-json\/wp\/v2\/media\/2080"}],"wp:attachment":[{"href":"https:\/\/thenailbar.ch\/de\/wp-json\/wp\/v2\/media?parent=2996"}],"curies":[{"name":"wp","href":"https:\/\/api.w.org\/{rel}","templated":true}]}}