{"id":2994,"date":"2016-11-16T15:30:20","date_gmt":"2016-11-16T14:30:20","guid":{"rendered":"https:\/\/thenailbar.ch\/de\/hygiene-charta.html"},"modified":"2025-09-11T14:34:15","modified_gmt":"2025-09-11T12:34:15","slug":"hygiene-charta","status":"publish","type":"page","link":"https:\/\/thenailbar.ch\/de\/hygiene-charta","title":{"rendered":"Hygiene-Charta"},"content":{"rendered":"\n<h2 class=\"wp-block-heading\">In der Schweiz gibt es f\u00fcr die Praxis der Nagelpflege keine speziellen Vorschriften, was insbesondere in Bezug auf Hygiene und Desinfektion weitreichende Folgen haben kann.<\/h2>\n\n\n\n<blockquote class=\"wp-block-quote is-layout-flow wp-block-quote-is-layout-flow\">\n<p><em>Bei <strong>The Nail Bar<\/strong> haben wir uns entschieden, weit \u00fcber diese Regulierungsl\u00fccke hinauszugehen und strenge Protokolle einzuf\u00fchren, um unseren Kundinnen eine gesunde, sichere und angenehme Umgebung zu garantieren.<\/em><br><em>Dar\u00fcber hinaus halten wir uns strikt an die <strong>Schweizer gesetzlichen Anforderungen f\u00fcr Kosmetikprodukte<\/strong>, insbesondere durch den Ausschluss von als sch\u00e4dlich eingestuften Substanzen wie TPO.<\/em><\/p>\n<\/blockquote>\n\n\n\n<h3 class=\"wp-block-heading\">&#x1f52c; Sterilisation von Instrumenten<\/h3>\n\n\n\n<p>Zwischen jedem Klientel wird die Spitze der Instrumente in Quarzkugeln getaucht, die auf 230 \u00b0C erhitzt werden. Dieser Prozess sorgt f\u00fcr eine vollst\u00e4ndige Desinfektion in weniger als 45 Sekunden. Hinweis: Dieses Verfahren hat zur Folge, dass Flecken\/Spuren auf den Instrumenten zur\u00fcckbleiben. Au\u00dferdem werden sie vor dem Gebrauch noch vor Ihnen mit dem alkoholischen Desinfektionsmittel (Spray) desinfiziert.<\/p>\n\n\n\n<h3 class=\"wp-block-heading\">&#x1f450; Desinfektion der H\u00e4nde<\/h3>\n\n\n\n<p>Vor Beginn jeder Dienstleistung desinfizieren die NailBarmaids ihre eigenen H\u00e4nde und die der Kunden mit einem antiseptischen Gel. Dies verhindert die Verbreitung von gew\u00f6hnlichen Keimen. Dasselbe Gel wird auch verwendet, wenn die Nagelhaut zur\u00fcckgeschoben wird, um das m\u00f6gliche Eindringen von Bakterien unter die Nagelhaut zu verhindern.<\/p>\n\n\n\n<h3 class=\"wp-block-heading\">&#x1fa91; Arbeitspl\u00e4tze \/ R\u00e4umlichkeiten<\/h3>\n\n\n\n<p>Die Arbeitspl\u00e4tze werden jeden Abend gr\u00fcndlich gereinigt. Jede Klientin legt ihre H\u00e4nde auf ein eigenes Einweghandtuch. Alle unsere R\u00e4umlichkeiten werden mehrmals t\u00e4glich gel\u00fcftet und verf\u00fcgen \u00fcber technische Hilfsmittel (L\u00fcftungen, Luftreiniger usw.), die f\u00fcr eine Luftzirkulation sorgen, um eine gute Raumluftqualit\u00e4t zu gew\u00e4hrleisten.<\/p>\n\n\n\n<h3 class=\"wp-block-heading\">&#x1f485; Produkte 100% TPO-frei<\/h3>\n\n\n\n<p>Gem\u00e4\u00df den strengsten Schweizer Normen f\u00fcr Kosmetika verwendet <em>The Nail Bar<\/em> ausschlie\u00dflich Produkte, die zu <strong>100 % TPO Free sind<\/strong>. TPO (Trimethylbenzoyldiphenylphosphinoxid), das als fortpflanzungsgef\u00e4hrdender Stoff anerkannt ist, ist vollst\u00e4ndig aus unserem Sortiment ausgeschlossen. Diese Wahl unterstreicht unser Engagement f\u00fcr sichere, verantwortungsvolle und gesundheitsbewusste Sch\u00f6nheitspflege &#8211; <a href=\"https:\/\/thenailbar.ch\/de\/news-de\/2025\/the-nail-bar-100-tpo-free-schoenheit-und-sicherheit-vereint.html\">mehr erfahren<\/a>.<\/p>\n","protected":false},"excerpt":{"rendered":"<p>In der Schweiz gibt es f\u00fcr die Praxis der Nagelpflege keine speziellen Vorschriften, was insbesondere in Bezug auf Hygiene und Desinfektion weitreichende Folgen haben kann. Bei The Nail Bar haben wir uns entschieden, weit \u00fcber diese Regulierungsl\u00fccke hinauszugehen und strenge Protokolle einzuf\u00fchren, um unseren Kundinnen eine gesunde, sichere und angenehme Umgebung zu garantieren.Dar\u00fcber hinaus halten &hellip; <a href=\"https:\/\/thenailbar.ch\/de\/hygiene-charta\">Continued<\/a><\/p>\n","protected":false},"author":4,"featured_media":2224,"parent":0,"menu_order":4,"comment_status":"closed","ping_status":"closed","template":"","meta":{"_acf_changed":false,"_et_pb_use_builder":"","_et_pb_old_content":"","_et_gb_content_width":"","jetpack_post_was_ever_published":false,"footnotes":""},"class_list":["post-2994","page","type-page","status-publish","has-post-thumbnail","hentry"],"acf":[],"yoast_head":"<!-- This site is optimized with the Yoast SEO plugin v27.3 - https:\/\/yoast.com\/product\/yoast-seo-wordpress\/ -->\n<title>Hygiene-Charta - The Nail Bar - Lausanne Genf Vevey Neuenburg Freiburg Monthey Biel Zuerich<\/title>\n<meta name=\"description\" content=\"Wir haben uns daf\u00fcr entschieden, weit \u00fcber diese Regulierungsl\u00fccke hinauszugehen und strenge Protokolle einzuf\u00fchren, um unseren Kundinnen eine gesunde, sichere und angenehme Umgebung zu garantieren.\" \/>\n<meta name=\"robots\" content=\"index, follow, max-snippet:-1, max-image-preview:large, max-video-preview:-1\" \/>\n<link rel=\"canonical\" href=\"https:\/\/thenailbar.ch\/de\/hygiene-charta\" \/>\n<meta property=\"og:locale\" content=\"de_DE\" \/>\n<meta property=\"og:type\" content=\"article\" \/>\n<meta property=\"og:title\" content=\"Hygiene-Charta - The Nail Bar - Lausanne Genf Vevey Neuenburg Freiburg Monthey Biel Zuerich\" \/>\n<meta property=\"og:description\" content=\"Wir haben uns daf\u00fcr entschieden, weit \u00fcber diese Regulierungsl\u00fccke hinauszugehen und strenge Protokolle einzuf\u00fchren, um unseren Kundinnen eine gesunde, sichere und angenehme Umgebung zu garantieren.\" \/>\n<meta property=\"og:url\" content=\"https:\/\/thenailbar.ch\/de\/hygiene-charta\" \/>\n<meta property=\"og:site_name\" content=\"The Nail Bar - Lausanne Genf Vevey Neuenburg Freiburg Monthey Biel Zuerich\" \/>\n<meta property=\"article:publisher\" content=\"https:\/\/www.facebook.com\/thenailbar.nail.switzerland\/\" \/>\n<meta property=\"article:modified_time\" content=\"2025-09-11T12:34:15+00:00\" \/>\n<meta property=\"og:image\" content=\"https:\/\/thenailbar.ch\/wp2\/wp-content\/uploads\/2012\/07\/sanitation_hand.jpg\" \/>\n\t<meta property=\"og:image:width\" content=\"110\" \/>\n\t<meta property=\"og:image:height\" content=\"107\" \/>\n\t<meta property=\"og:image:type\" content=\"image\/jpeg\" \/>\n<meta name=\"twitter:card\" content=\"summary_large_image\" \/>\n<meta name=\"twitter:site\" content=\"@TheNailBarSwiss\" \/>\n<meta name=\"twitter:label1\" content=\"Gesch\u00e4tzte Lesezeit\" \/>\n\t<meta name=\"twitter:data1\" content=\"2\u00a0Minuten\" \/>\n<script type=\"application\/ld+json\" class=\"yoast-schema-graph\">{\"@context\":\"https:\\\/\\\/schema.org\",\"@graph\":[{\"@type\":\"WebPage\",\"@id\":\"https:\\\/\\\/thenailbar.ch\\\/de\\\/hygiene-charta\",\"url\":\"https:\\\/\\\/thenailbar.ch\\\/de\\\/hygiene-charta\",\"name\":\"Hygiene-Charta - The Nail Bar - Lausanne Genf Vevey Neuenburg Freiburg Monthey Biel Zuerich\",\"isPartOf\":{\"@id\":\"https:\\\/\\\/thenailbar.ch\\\/de#website\"},\"primaryImageOfPage\":{\"@id\":\"https:\\\/\\\/thenailbar.ch\\\/de\\\/hygiene-charta#primaryimage\"},\"image\":{\"@id\":\"https:\\\/\\\/thenailbar.ch\\\/de\\\/hygiene-charta#primaryimage\"},\"thumbnailUrl\":\"https:\\\/\\\/thenailbar.ch\\\/wp2\\\/wp-content\\\/uploads\\\/2012\\\/07\\\/sanitation_hand.jpg\",\"datePublished\":\"2016-11-16T14:30:20+00:00\",\"dateModified\":\"2025-09-11T12:34:15+00:00\",\"description\":\"Wir haben uns daf\u00fcr entschieden, weit \u00fcber diese Regulierungsl\u00fccke hinauszugehen und strenge Protokolle einzuf\u00fchren, um unseren Kundinnen eine gesunde, sichere und angenehme Umgebung zu garantieren.\",\"breadcrumb\":{\"@id\":\"https:\\\/\\\/thenailbar.ch\\\/de\\\/hygiene-charta#breadcrumb\"},\"inLanguage\":\"de\",\"potentialAction\":[{\"@type\":\"ReadAction\",\"target\":[\"https:\\\/\\\/thenailbar.ch\\\/de\\\/hygiene-charta\"]}]},{\"@type\":\"ImageObject\",\"inLanguage\":\"de\",\"@id\":\"https:\\\/\\\/thenailbar.ch\\\/de\\\/hygiene-charta#primaryimage\",\"url\":\"https:\\\/\\\/thenailbar.ch\\\/wp2\\\/wp-content\\\/uploads\\\/2012\\\/07\\\/sanitation_hand.jpg\",\"contentUrl\":\"https:\\\/\\\/thenailbar.ch\\\/wp2\\\/wp-content\\\/uploads\\\/2012\\\/07\\\/sanitation_hand.jpg\",\"width\":\"110\",\"height\":\"107\"},{\"@type\":\"BreadcrumbList\",\"@id\":\"https:\\\/\\\/thenailbar.ch\\\/de\\\/hygiene-charta#breadcrumb\",\"itemListElement\":[{\"@type\":\"ListItem\",\"position\":1,\"name\":\"Accueil\",\"item\":\"https:\\\/\\\/thenailbar.ch\\\/de\"},{\"@type\":\"ListItem\",\"position\":2,\"name\":\"Hygiene-Charta\"}]},{\"@type\":\"WebSite\",\"@id\":\"https:\\\/\\\/thenailbar.ch\\\/de#website\",\"url\":\"https:\\\/\\\/thenailbar.ch\\\/de\",\"name\":\"The Nail Bar - Sans ou Avec rendez-vous!\",\"description\":\"\u201cOhne oder Mit Termin!\u201d\",\"publisher\":{\"@id\":\"https:\\\/\\\/thenailbar.ch\\\/de#organization\"},\"alternateName\":\"The Nail Bar\",\"potentialAction\":[{\"@type\":\"SearchAction\",\"target\":{\"@type\":\"EntryPoint\",\"urlTemplate\":\"https:\\\/\\\/thenailbar.ch\\\/de?s={search_term_string}\"},\"query-input\":{\"@type\":\"PropertyValueSpecification\",\"valueRequired\":true,\"valueName\":\"search_term_string\"}}],\"inLanguage\":\"de\"},{\"@type\":\"Organization\",\"@id\":\"https:\\\/\\\/thenailbar.ch\\\/de#organization\",\"name\":\"The Nail Bar\",\"url\":\"https:\\\/\\\/thenailbar.ch\\\/de\",\"logo\":{\"@type\":\"ImageObject\",\"inLanguage\":\"de\",\"@id\":\"https:\\\/\\\/thenailbar.ch\\\/de#\\\/schema\\\/logo\\\/image\\\/\",\"url\":\"https:\\\/\\\/i0.wp.com\\\/thenailbar.ch\\\/wp2\\\/wp-content\\\/uploads\\\/2018\\\/09\\\/android-chrome-192x192.png?fit=192%2C192&ssl=1\",\"contentUrl\":\"https:\\\/\\\/i0.wp.com\\\/thenailbar.ch\\\/wp2\\\/wp-content\\\/uploads\\\/2018\\\/09\\\/android-chrome-192x192.png?fit=192%2C192&ssl=1\",\"width\":192,\"height\":192,\"caption\":\"The Nail Bar\"},\"image\":{\"@id\":\"https:\\\/\\\/thenailbar.ch\\\/de#\\\/schema\\\/logo\\\/image\\\/\"},\"sameAs\":[\"https:\\\/\\\/www.facebook.com\\\/thenailbar.nail.switzerland\\\/\",\"https:\\\/\\\/x.com\\\/TheNailBarSwiss\",\"https:\\\/\\\/www.instagram.com\\\/thenailbarswitzerland\\\/\",\"https:\\\/\\\/www.pinterest.ch\\\/thenailbarswitzerland\\\/\",\"https:\\\/\\\/www.youtube.com\\\/channel\\\/UCAZSdCTBJp-1F91xL1wZHQg\"]}]}<\/script>\n<!-- \/ Yoast SEO plugin. -->","yoast_head_json":{"title":"Hygiene-Charta - The Nail Bar - Lausanne Genf Vevey Neuenburg Freiburg Monthey Biel Zuerich","description":"Wir haben uns daf\u00fcr entschieden, weit \u00fcber diese Regulierungsl\u00fccke hinauszugehen und strenge Protokolle einzuf\u00fchren, um unseren Kundinnen eine gesunde, sichere und angenehme Umgebung zu garantieren.","robots":{"index":"index","follow":"follow","max-snippet":"max-snippet:-1","max-image-preview":"max-image-preview:large","max-video-preview":"max-video-preview:-1"},"canonical":"https:\/\/thenailbar.ch\/de\/hygiene-charta","og_locale":"de_DE","og_type":"article","og_title":"Hygiene-Charta - The Nail Bar - Lausanne Genf Vevey Neuenburg Freiburg Monthey Biel Zuerich","og_description":"Wir haben uns daf\u00fcr entschieden, weit \u00fcber diese Regulierungsl\u00fccke hinauszugehen und strenge Protokolle einzuf\u00fchren, um unseren Kundinnen eine gesunde, sichere und angenehme Umgebung zu garantieren.","og_url":"https:\/\/thenailbar.ch\/de\/hygiene-charta","og_site_name":"The Nail Bar - Lausanne Genf Vevey Neuenburg Freiburg Monthey Biel Zuerich","article_publisher":"https:\/\/www.facebook.com\/thenailbar.nail.switzerland\/","article_modified_time":"2025-09-11T12:34:15+00:00","og_image":[{"width":110,"height":107,"url":"https:\/\/thenailbar.ch\/wp2\/wp-content\/uploads\/2012\/07\/sanitation_hand.jpg","type":"image\/jpeg"}],"twitter_card":"summary_large_image","twitter_site":"@TheNailBarSwiss","twitter_misc":{"Gesch\u00e4tzte Lesezeit":"2\u00a0Minuten"},"schema":{"@context":"https:\/\/schema.org","@graph":[{"@type":"WebPage","@id":"https:\/\/thenailbar.ch\/de\/hygiene-charta","url":"https:\/\/thenailbar.ch\/de\/hygiene-charta","name":"Hygiene-Charta - The Nail Bar - Lausanne Genf Vevey Neuenburg Freiburg Monthey Biel Zuerich","isPartOf":{"@id":"https:\/\/thenailbar.ch\/de#website"},"primaryImageOfPage":{"@id":"https:\/\/thenailbar.ch\/de\/hygiene-charta#primaryimage"},"image":{"@id":"https:\/\/thenailbar.ch\/de\/hygiene-charta#primaryimage"},"thumbnailUrl":"https:\/\/thenailbar.ch\/wp2\/wp-content\/uploads\/2012\/07\/sanitation_hand.jpg","datePublished":"2016-11-16T14:30:20+00:00","dateModified":"2025-09-11T12:34:15+00:00","description":"Wir haben uns daf\u00fcr entschieden, weit \u00fcber diese Regulierungsl\u00fccke hinauszugehen und strenge Protokolle einzuf\u00fchren, um unseren Kundinnen eine gesunde, sichere und angenehme Umgebung zu garantieren.","breadcrumb":{"@id":"https:\/\/thenailbar.ch\/de\/hygiene-charta#breadcrumb"},"inLanguage":"de","potentialAction":[{"@type":"ReadAction","target":["https:\/\/thenailbar.ch\/de\/hygiene-charta"]}]},{"@type":"ImageObject","inLanguage":"de","@id":"https:\/\/thenailbar.ch\/de\/hygiene-charta#primaryimage","url":"https:\/\/thenailbar.ch\/wp2\/wp-content\/uploads\/2012\/07\/sanitation_hand.jpg","contentUrl":"https:\/\/thenailbar.ch\/wp2\/wp-content\/uploads\/2012\/07\/sanitation_hand.jpg","width":"110","height":"107"},{"@type":"BreadcrumbList","@id":"https:\/\/thenailbar.ch\/de\/hygiene-charta#breadcrumb","itemListElement":[{"@type":"ListItem","position":1,"name":"Accueil","item":"https:\/\/thenailbar.ch\/de"},{"@type":"ListItem","position":2,"name":"Hygiene-Charta"}]},{"@type":"WebSite","@id":"https:\/\/thenailbar.ch\/de#website","url":"https:\/\/thenailbar.ch\/de","name":"The Nail Bar - Sans ou Avec rendez-vous!","description":"\u201cOhne oder Mit Termin!\u201d","publisher":{"@id":"https:\/\/thenailbar.ch\/de#organization"},"alternateName":"The Nail Bar","potentialAction":[{"@type":"SearchAction","target":{"@type":"EntryPoint","urlTemplate":"https:\/\/thenailbar.ch\/de?s={search_term_string}"},"query-input":{"@type":"PropertyValueSpecification","valueRequired":true,"valueName":"search_term_string"}}],"inLanguage":"de"},{"@type":"Organization","@id":"https:\/\/thenailbar.ch\/de#organization","name":"The Nail Bar","url":"https:\/\/thenailbar.ch\/de","logo":{"@type":"ImageObject","inLanguage":"de","@id":"https:\/\/thenailbar.ch\/de#\/schema\/logo\/image\/","url":"https:\/\/i0.wp.com\/thenailbar.ch\/wp2\/wp-content\/uploads\/2018\/09\/android-chrome-192x192.png?fit=192%2C192&ssl=1","contentUrl":"https:\/\/i0.wp.com\/thenailbar.ch\/wp2\/wp-content\/uploads\/2018\/09\/android-chrome-192x192.png?fit=192%2C192&ssl=1","width":192,"height":192,"caption":"The Nail Bar"},"image":{"@id":"https:\/\/thenailbar.ch\/de#\/schema\/logo\/image\/"},"sameAs":["https:\/\/www.facebook.com\/thenailbar.nail.switzerland\/","https:\/\/x.com\/TheNailBarSwiss","https:\/\/www.instagram.com\/thenailbarswitzerland\/","https:\/\/www.pinterest.ch\/thenailbarswitzerland\/","https:\/\/www.youtube.com\/channel\/UCAZSdCTBJp-1F91xL1wZHQg"]}]}},"jetpack_sharing_enabled":true,"jetpack-related-posts":[],"jetpack_shortlink":"https:\/\/wp.me\/PatLF0-Mi","_links":{"self":[{"href":"https:\/\/thenailbar.ch\/de\/wp-json\/wp\/v2\/pages\/2994","targetHints":{"allow":["GET"]}}],"collection":[{"href":"https:\/\/thenailbar.ch\/de\/wp-json\/wp\/v2\/pages"}],"about":[{"href":"https:\/\/thenailbar.ch\/de\/wp-json\/wp\/v2\/types\/page"}],"author":[{"embeddable":true,"href":"https:\/\/thenailbar.ch\/de\/wp-json\/wp\/v2\/users\/4"}],"replies":[{"embeddable":true,"href":"https:\/\/thenailbar.ch\/de\/wp-json\/wp\/v2\/comments?post=2994"}],"version-history":[{"count":6,"href":"https:\/\/thenailbar.ch\/de\/wp-json\/wp\/v2\/pages\/2994\/revisions"}],"predecessor-version":[{"id":17793,"href":"https:\/\/thenailbar.ch\/de\/wp-json\/wp\/v2\/pages\/2994\/revisions\/17793"}],"wp:featuredmedia":[{"embeddable":true,"href":"https:\/\/thenailbar.ch\/de\/wp-json\/wp\/v2\/media\/2224"}],"wp:attachment":[{"href":"https:\/\/thenailbar.ch\/de\/wp-json\/wp\/v2\/media?parent=2994"}],"curies":[{"name":"wp","href":"https:\/\/api.w.org\/{rel}","templated":true}]}}