{"id":2921,"date":"2012-02-18T20:45:34","date_gmt":"2012-02-18T19:45:34","guid":{"rendered":"https:\/\/thenailbar.ch\/de\/the-nail-bars.html"},"modified":"2022-01-10T11:46:07","modified_gmt":"2022-01-10T10:46:07","slug":"the-nail-bars","status":"publish","type":"page","link":"https:\/\/thenailbar.ch\/de\/the-nail-bars","title":{"rendered":"The Nail Bars"},"content":{"rendered":"<p><strong>The Nail Bar<\/strong> ist eine eingetragene Marke mit einem einzigartigen, vollkommen neuen Konzept. Unser Angebot umfasst Pflegebehandlungen f\u00fcr H\u00e4nde und F\u00fcsse in Form eines \u00abMen\u00fcs\u00bb, aus dem Sie eine Auswahl treffen k\u00f6nnen.<\/p>\n<p><strong>The Nail Bar<\/strong> ist vor allem ein geselliger Ort, an dem Kundinnen und Kunden sich entspannen und pflegen lassen k\u00f6nnen.<\/p>\n<p><strong>The Nail Bar<\/strong> ist ein trendiges, zeitgem\u00e4sses Konzept, bei dem eine Pflegebehandlung mit und ohne Terminabsprache m\u00f6glich ist. Zu unserem Angebot z\u00e4hlen Manik\u00fcren, Pedik\u00fcren und die Lackierung von N\u00e4geln mit klassischem oder UV-Nagellack.<\/p>\n<p>Sie werden uns mit ganz neuen, frischen und erholten H\u00e4nden und F\u00fcssen verlassen!<\/p>\n<p>W\u00e4hlen Sie eine Filiale aus und rufen Sie uns an, um einen Termin zu vereinbaren oder eine Frage zu stellen!<\/p>\n","protected":false},"excerpt":{"rendered":"<p>The Nail Bar ist eine eingetragene Marke mit einem einzigartigen, vollkommen neuen Konzept. Unser Angebot umfasst Pflegebehandlungen f\u00fcr H\u00e4nde und F\u00fcsse in Form eines \u00abMen\u00fcs\u00bb, aus dem Sie eine Auswahl treffen k\u00f6nnen. The Nail Bar ist vor allem ein geselliger Ort, an dem Kundinnen und Kunden sich entspannen und pflegen lassen k\u00f6nnen. The Nail Bar &hellip; <a href=\"https:\/\/thenailbar.ch\/de\/the-nail-bars\">Continued<\/a><\/p>\n","protected":false},"author":1,"featured_media":2086,"parent":0,"menu_order":20,"comment_status":"closed","ping_status":"closed","template":"fw-template-the-nail-bars-index.php","meta":{"_acf_changed":false,"_et_pb_use_builder":"","_et_pb_old_content":"","_et_gb_content_width":"","footnotes":""},"class_list":["post-2921","page","type-page","status-publish","has-post-thumbnail","hentry"],"acf":[],"yoast_head":"<!-- This site is optimized with the Yoast SEO plugin v27.6 - https:\/\/yoast.com\/product\/yoast-seo-wordpress\/ -->\n<title>The Nail Bars - The Nail Bar - Lausanne Genf Vevey Neuenburg Freiburg Monthey Biel Zuerich<\/title>\n<meta name=\"robots\" content=\"index, follow, max-snippet:-1, max-image-preview:large, max-video-preview:-1\" \/>\n<link rel=\"canonical\" href=\"https:\/\/thenailbar.ch\/de\/the-nail-bars\" \/>\n<meta property=\"og:locale\" content=\"de_DE\" \/>\n<meta property=\"og:type\" content=\"article\" \/>\n<meta property=\"og:title\" content=\"The Nail Bars - The Nail Bar - Lausanne Genf Vevey Neuenburg Freiburg Monthey Biel Zuerich\" \/>\n<meta property=\"og:description\" content=\"The Nail Bar ist eine eingetragene Marke mit einem einzigartigen, vollkommen neuen Konzept. Unser Angebot umfasst Pflegebehandlungen f\u00fcr H\u00e4nde und F\u00fcsse in Form eines \u00abMen\u00fcs\u00bb, aus dem Sie eine Auswahl treffen k\u00f6nnen. The Nail Bar ist vor allem ein geselliger Ort, an dem Kundinnen und Kunden sich entspannen und pflegen lassen k\u00f6nnen. The Nail Bar &hellip; Continued\" \/>\n<meta property=\"og:url\" content=\"https:\/\/thenailbar.ch\/de\/the-nail-bars\" \/>\n<meta property=\"og:site_name\" content=\"The Nail Bar - Lausanne Genf Vevey Neuenburg Freiburg Monthey Biel Zuerich\" \/>\n<meta property=\"article:publisher\" content=\"https:\/\/www.facebook.com\/thenailbar.nail.switzerland\/\" \/>\n<meta property=\"article:modified_time\" content=\"2022-01-10T10:46:07+00:00\" \/>\n<meta property=\"og:image\" content=\"https:\/\/thenailbar.ch\/wp2\/wp-content\/uploads\/2012\/03\/page-bigpic-lsn-tf5-01.jpg\" \/>\n\t<meta property=\"og:image:width\" content=\"480\" \/>\n\t<meta property=\"og:image:height\" content=\"480\" \/>\n\t<meta property=\"og:image:type\" content=\"image\/jpeg\" \/>\n<meta name=\"twitter:card\" content=\"summary_large_image\" \/>\n<meta name=\"twitter:site\" content=\"@TheNailBarSwiss\" \/>\n<meta name=\"twitter:label1\" content=\"Gesch\u00e4tzte Lesezeit\" \/>\n\t<meta name=\"twitter:data1\" content=\"1\u00a0Minute\" \/>\n<script type=\"application\/ld+json\" class=\"yoast-schema-graph\">{\"@context\":\"https:\\\/\\\/schema.org\",\"@graph\":[{\"@type\":\"WebPage\",\"@id\":\"https:\\\/\\\/thenailbar.ch\\\/de\\\/the-nail-bars\",\"url\":\"https:\\\/\\\/thenailbar.ch\\\/de\\\/the-nail-bars\",\"name\":\"The Nail Bars - The Nail Bar - Lausanne Genf Vevey Neuenburg Freiburg Monthey Biel Zuerich\",\"isPartOf\":{\"@id\":\"https:\\\/\\\/thenailbar.ch\\\/de#website\"},\"primaryImageOfPage\":{\"@id\":\"https:\\\/\\\/thenailbar.ch\\\/de\\\/the-nail-bars#primaryimage\"},\"image\":{\"@id\":\"https:\\\/\\\/thenailbar.ch\\\/de\\\/the-nail-bars#primaryimage\"},\"thumbnailUrl\":\"https:\\\/\\\/thenailbar.ch\\\/wp2\\\/wp-content\\\/uploads\\\/2012\\\/03\\\/page-bigpic-lsn-tf5-01.jpg\",\"datePublished\":\"2012-02-18T19:45:34+00:00\",\"dateModified\":\"2022-01-10T10:46:07+00:00\",\"breadcrumb\":{\"@id\":\"https:\\\/\\\/thenailbar.ch\\\/de\\\/the-nail-bars#breadcrumb\"},\"inLanguage\":\"de\",\"potentialAction\":[{\"@type\":\"ReadAction\",\"target\":[\"https:\\\/\\\/thenailbar.ch\\\/de\\\/the-nail-bars\"]}]},{\"@type\":\"ImageObject\",\"inLanguage\":\"de\",\"@id\":\"https:\\\/\\\/thenailbar.ch\\\/de\\\/the-nail-bars#primaryimage\",\"url\":\"https:\\\/\\\/thenailbar.ch\\\/wp2\\\/wp-content\\\/uploads\\\/2012\\\/03\\\/page-bigpic-lsn-tf5-01.jpg\",\"contentUrl\":\"https:\\\/\\\/thenailbar.ch\\\/wp2\\\/wp-content\\\/uploads\\\/2012\\\/03\\\/page-bigpic-lsn-tf5-01.jpg\",\"width\":\"480\",\"height\":\"480\"},{\"@type\":\"BreadcrumbList\",\"@id\":\"https:\\\/\\\/thenailbar.ch\\\/de\\\/the-nail-bars#breadcrumb\",\"itemListElement\":[{\"@type\":\"ListItem\",\"position\":1,\"name\":\"Accueil\",\"item\":\"https:\\\/\\\/thenailbar.ch\\\/de\"},{\"@type\":\"ListItem\",\"position\":2,\"name\":\"The Nail Bars\"}]},{\"@type\":\"WebSite\",\"@id\":\"https:\\\/\\\/thenailbar.ch\\\/de#website\",\"url\":\"https:\\\/\\\/thenailbar.ch\\\/de\",\"name\":\"The Nail Bar - Sans ou Avec rendez-vous!\",\"description\":\"\u201cOhne oder Mit Termin!\u201d\",\"publisher\":{\"@id\":\"https:\\\/\\\/thenailbar.ch\\\/de#organization\"},\"alternateName\":\"The Nail Bar\",\"potentialAction\":[{\"@type\":\"SearchAction\",\"target\":{\"@type\":\"EntryPoint\",\"urlTemplate\":\"https:\\\/\\\/thenailbar.ch\\\/de?s={search_term_string}\"},\"query-input\":{\"@type\":\"PropertyValueSpecification\",\"valueRequired\":true,\"valueName\":\"search_term_string\"}}],\"inLanguage\":\"de\"},{\"@type\":\"Organization\",\"@id\":\"https:\\\/\\\/thenailbar.ch\\\/de#organization\",\"name\":\"The Nail Bar\",\"url\":\"https:\\\/\\\/thenailbar.ch\\\/de\",\"logo\":{\"@type\":\"ImageObject\",\"inLanguage\":\"de\",\"@id\":\"https:\\\/\\\/thenailbar.ch\\\/de#\\\/schema\\\/logo\\\/image\\\/\",\"url\":\"https:\\\/\\\/i0.wp.com\\\/thenailbar.ch\\\/wp2\\\/wp-content\\\/uploads\\\/2018\\\/09\\\/android-chrome-192x192.png?fit=192%2C192&ssl=1\",\"contentUrl\":\"https:\\\/\\\/i0.wp.com\\\/thenailbar.ch\\\/wp2\\\/wp-content\\\/uploads\\\/2018\\\/09\\\/android-chrome-192x192.png?fit=192%2C192&ssl=1\",\"width\":192,\"height\":192,\"caption\":\"The Nail Bar\"},\"image\":{\"@id\":\"https:\\\/\\\/thenailbar.ch\\\/de#\\\/schema\\\/logo\\\/image\\\/\"},\"sameAs\":[\"https:\\\/\\\/www.facebook.com\\\/thenailbar.nail.switzerland\\\/\",\"https:\\\/\\\/x.com\\\/TheNailBarSwiss\",\"https:\\\/\\\/www.instagram.com\\\/thenailbarswitzerland\\\/\",\"https:\\\/\\\/www.pinterest.ch\\\/thenailbarswitzerland\\\/\",\"https:\\\/\\\/www.youtube.com\\\/channel\\\/UCAZSdCTBJp-1F91xL1wZHQg\"]}]}<\/script>\n<!-- \/ Yoast SEO plugin. -->","yoast_head_json":{"title":"The Nail Bars - The Nail Bar - Lausanne Genf Vevey Neuenburg Freiburg Monthey Biel Zuerich","robots":{"index":"index","follow":"follow","max-snippet":"max-snippet:-1","max-image-preview":"max-image-preview:large","max-video-preview":"max-video-preview:-1"},"canonical":"https:\/\/thenailbar.ch\/de\/the-nail-bars","og_locale":"de_DE","og_type":"article","og_title":"The Nail Bars - The Nail Bar - Lausanne Genf Vevey Neuenburg Freiburg Monthey Biel Zuerich","og_description":"The Nail Bar ist eine eingetragene Marke mit einem einzigartigen, vollkommen neuen Konzept. Unser Angebot umfasst Pflegebehandlungen f\u00fcr H\u00e4nde und F\u00fcsse in Form eines \u00abMen\u00fcs\u00bb, aus dem Sie eine Auswahl treffen k\u00f6nnen. The Nail Bar ist vor allem ein geselliger Ort, an dem Kundinnen und Kunden sich entspannen und pflegen lassen k\u00f6nnen. The Nail Bar &hellip; Continued","og_url":"https:\/\/thenailbar.ch\/de\/the-nail-bars","og_site_name":"The Nail Bar - Lausanne Genf Vevey Neuenburg Freiburg Monthey Biel Zuerich","article_publisher":"https:\/\/www.facebook.com\/thenailbar.nail.switzerland\/","article_modified_time":"2022-01-10T10:46:07+00:00","og_image":[{"width":480,"height":480,"url":"https:\/\/thenailbar.ch\/wp2\/wp-content\/uploads\/2012\/03\/page-bigpic-lsn-tf5-01.jpg","type":"image\/jpeg"}],"twitter_card":"summary_large_image","twitter_site":"@TheNailBarSwiss","twitter_misc":{"Gesch\u00e4tzte Lesezeit":"1\u00a0Minute"},"schema":{"@context":"https:\/\/schema.org","@graph":[{"@type":"WebPage","@id":"https:\/\/thenailbar.ch\/de\/the-nail-bars","url":"https:\/\/thenailbar.ch\/de\/the-nail-bars","name":"The Nail Bars - The Nail Bar - Lausanne Genf Vevey Neuenburg Freiburg Monthey Biel Zuerich","isPartOf":{"@id":"https:\/\/thenailbar.ch\/de#website"},"primaryImageOfPage":{"@id":"https:\/\/thenailbar.ch\/de\/the-nail-bars#primaryimage"},"image":{"@id":"https:\/\/thenailbar.ch\/de\/the-nail-bars#primaryimage"},"thumbnailUrl":"https:\/\/thenailbar.ch\/wp2\/wp-content\/uploads\/2012\/03\/page-bigpic-lsn-tf5-01.jpg","datePublished":"2012-02-18T19:45:34+00:00","dateModified":"2022-01-10T10:46:07+00:00","breadcrumb":{"@id":"https:\/\/thenailbar.ch\/de\/the-nail-bars#breadcrumb"},"inLanguage":"de","potentialAction":[{"@type":"ReadAction","target":["https:\/\/thenailbar.ch\/de\/the-nail-bars"]}]},{"@type":"ImageObject","inLanguage":"de","@id":"https:\/\/thenailbar.ch\/de\/the-nail-bars#primaryimage","url":"https:\/\/thenailbar.ch\/wp2\/wp-content\/uploads\/2012\/03\/page-bigpic-lsn-tf5-01.jpg","contentUrl":"https:\/\/thenailbar.ch\/wp2\/wp-content\/uploads\/2012\/03\/page-bigpic-lsn-tf5-01.jpg","width":"480","height":"480"},{"@type":"BreadcrumbList","@id":"https:\/\/thenailbar.ch\/de\/the-nail-bars#breadcrumb","itemListElement":[{"@type":"ListItem","position":1,"name":"Accueil","item":"https:\/\/thenailbar.ch\/de"},{"@type":"ListItem","position":2,"name":"The Nail Bars"}]},{"@type":"WebSite","@id":"https:\/\/thenailbar.ch\/de#website","url":"https:\/\/thenailbar.ch\/de","name":"The Nail Bar - Sans ou Avec rendez-vous!","description":"\u201cOhne oder Mit Termin!\u201d","publisher":{"@id":"https:\/\/thenailbar.ch\/de#organization"},"alternateName":"The Nail Bar","potentialAction":[{"@type":"SearchAction","target":{"@type":"EntryPoint","urlTemplate":"https:\/\/thenailbar.ch\/de?s={search_term_string}"},"query-input":{"@type":"PropertyValueSpecification","valueRequired":true,"valueName":"search_term_string"}}],"inLanguage":"de"},{"@type":"Organization","@id":"https:\/\/thenailbar.ch\/de#organization","name":"The Nail Bar","url":"https:\/\/thenailbar.ch\/de","logo":{"@type":"ImageObject","inLanguage":"de","@id":"https:\/\/thenailbar.ch\/de#\/schema\/logo\/image\/","url":"https:\/\/i0.wp.com\/thenailbar.ch\/wp2\/wp-content\/uploads\/2018\/09\/android-chrome-192x192.png?fit=192%2C192&ssl=1","contentUrl":"https:\/\/i0.wp.com\/thenailbar.ch\/wp2\/wp-content\/uploads\/2018\/09\/android-chrome-192x192.png?fit=192%2C192&ssl=1","width":192,"height":192,"caption":"The Nail Bar"},"image":{"@id":"https:\/\/thenailbar.ch\/de#\/schema\/logo\/image\/"},"sameAs":["https:\/\/www.facebook.com\/thenailbar.nail.switzerland\/","https:\/\/x.com\/TheNailBarSwiss","https:\/\/www.instagram.com\/thenailbarswitzerland\/","https:\/\/www.pinterest.ch\/thenailbarswitzerland\/","https:\/\/www.youtube.com\/channel\/UCAZSdCTBJp-1F91xL1wZHQg"]}]}},"jetpack_sharing_enabled":true,"jetpack-related-posts":[],"jetpack_shortlink":"https:\/\/wp.me\/PatLF0-L7","_links":{"self":[{"href":"https:\/\/thenailbar.ch\/de\/wp-json\/wp\/v2\/pages\/2921","targetHints":{"allow":["GET"]}}],"collection":[{"href":"https:\/\/thenailbar.ch\/de\/wp-json\/wp\/v2\/pages"}],"about":[{"href":"https:\/\/thenailbar.ch\/de\/wp-json\/wp\/v2\/types\/page"}],"author":[{"embeddable":true,"href":"https:\/\/thenailbar.ch\/de\/wp-json\/wp\/v2\/users\/1"}],"replies":[{"embeddable":true,"href":"https:\/\/thenailbar.ch\/de\/wp-json\/wp\/v2\/comments?post=2921"}],"version-history":[{"count":2,"href":"https:\/\/thenailbar.ch\/de\/wp-json\/wp\/v2\/pages\/2921\/revisions"}],"predecessor-version":[{"id":13591,"href":"https:\/\/thenailbar.ch\/de\/wp-json\/wp\/v2\/pages\/2921\/revisions\/13591"}],"wp:featuredmedia":[{"embeddable":true,"href":"https:\/\/thenailbar.ch\/de\/wp-json\/wp\/v2\/media\/2086"}],"wp:attachment":[{"href":"https:\/\/thenailbar.ch\/de\/wp-json\/wp\/v2\/media?parent=2921"}],"curies":[{"name":"wp","href":"https:\/\/api.w.org\/{rel}","templated":true}]}}