{"id":14610,"date":"2016-11-23T15:04:42","date_gmt":"2016-11-23T14:04:42","guid":{"rendered":"https:\/\/thenailbar.ch\/jobs"},"modified":"2023-08-05T14:50:22","modified_gmt":"2023-08-05T12:50:22","slug":"jobs","status":"publish","type":"page","link":"https:\/\/thenailbar.ch\/de\/jobs","title":{"rendered":"Ein Job in der Nail Bar!"},"content":{"rendered":"<blockquote><p>Bist Du eine Expertin f\u00fcr die Sch\u00f6nheit deiner H\u00e4nde und F\u00fc\u00dfe?<\/p>\n<p>Du arbeitest gerne in einer lustigen Atmosph\u00e4re und in einem dynamischen Team?<\/p>\n<p>Dann ist dies der richtige Job f\u00fcr Dich!<\/p><\/blockquote>\n<p>Du interessierst Dich f\u00fcr Kosmetikprodukte im Allgemeinen, hast Erfahrung im Lackieren, in der Manik\u00fcre und Pedik\u00fcre, hast einen guten Kontakt zu Kunden und bist eine positive Person, dann werde Teil <strong>des Abenteuers The Nail Bar<\/strong>!<\/p>\n","protected":false},"excerpt":{"rendered":"<p>Bist Du eine Expertin f\u00fcr die Sch\u00f6nheit deiner H\u00e4nde und F\u00fc\u00dfe? Du arbeitest gerne in einer lustigen Atmosph\u00e4re und in einem dynamischen Team? Dann ist dies der richtige Job f\u00fcr Dich! Du interessierst Dich f\u00fcr Kosmetikprodukte im Allgemeinen, hast Erfahrung im Lackieren, in der Manik\u00fcre und Pedik\u00fcre, hast einen guten Kontakt zu Kunden und bist &hellip; <a href=\"https:\/\/thenailbar.ch\/de\/jobs\">Continued<\/a><\/p>\n","protected":false},"author":1,"featured_media":14457,"parent":0,"menu_order":0,"comment_status":"closed","ping_status":"closed","template":"fw-template-jobs-index.php","meta":{"_acf_changed":false,"_et_pb_use_builder":"","_et_pb_old_content":"","_et_gb_content_width":"","jetpack_post_was_ever_published":false,"footnotes":""},"class_list":["post-14610","page","type-page","status-publish","has-post-thumbnail","hentry"],"acf":[],"yoast_head":"<!-- This site is optimized with the Yoast SEO plugin v27.5 - https:\/\/yoast.com\/product\/yoast-seo-wordpress\/ -->\n<title>Ein Job in der Nail Bar!<\/title>\n<meta name=\"description\" content=\"Interesse an Kosmetik, Erfahrung im Lackieren, Manik\u00fcre und Pedik\u00fcre und guter Kundenkontakt\" \/>\n<meta name=\"robots\" content=\"index, follow, max-snippet:-1, max-image-preview:large, max-video-preview:-1\" \/>\n<link rel=\"canonical\" href=\"https:\/\/thenailbar.ch\/de\/jobs\" \/>\n<meta property=\"og:locale\" content=\"de_DE\" \/>\n<meta property=\"og:type\" content=\"article\" \/>\n<meta property=\"og:title\" content=\"Ein Job in der Nail Bar!\" \/>\n<meta property=\"og:description\" content=\"Interesse an Kosmetik, Erfahrung im Lackieren, Manik\u00fcre und Pedik\u00fcre und guter Kundenkontakt\" \/>\n<meta property=\"og:url\" content=\"https:\/\/thenailbar.ch\/de\/jobs\" \/>\n<meta property=\"og:site_name\" content=\"The Nail Bar - Lausanne Genf Vevey Neuenburg Freiburg Monthey Biel Zuerich\" \/>\n<meta property=\"article:publisher\" content=\"https:\/\/www.facebook.com\/thenailbar.nail.switzerland\/\" \/>\n<meta property=\"article:modified_time\" content=\"2023-08-05T12:50:22+00:00\" \/>\n<meta property=\"og:image\" content=\"https:\/\/thenailbar.ch\/wp2\/wp-content\/uploads\/2022\/03\/TNB-RECRUTE-22-012-WPcover-2160x1020-1.jpg\" \/>\n\t<meta property=\"og:image:width\" content=\"2160\" \/>\n\t<meta property=\"og:image:height\" content=\"1020\" \/>\n\t<meta property=\"og:image:type\" content=\"image\/jpeg\" \/>\n<meta name=\"twitter:card\" content=\"summary_large_image\" \/>\n<meta name=\"twitter:site\" content=\"@TheNailBarSwiss\" \/>\n<meta name=\"twitter:label1\" content=\"Gesch\u00e4tzte Lesezeit\" \/>\n\t<meta name=\"twitter:data1\" content=\"1\u00a0Minute\" \/>\n<script type=\"application\/ld+json\" class=\"yoast-schema-graph\">{\"@context\":\"https:\\\/\\\/schema.org\",\"@graph\":[{\"@type\":\"WebPage\",\"@id\":\"https:\\\/\\\/thenailbar.ch\\\/de\\\/jobs\",\"url\":\"https:\\\/\\\/thenailbar.ch\\\/de\\\/jobs\",\"name\":\"Ein Job in der Nail Bar!\",\"isPartOf\":{\"@id\":\"https:\\\/\\\/thenailbar.ch\\\/de#website\"},\"primaryImageOfPage\":{\"@id\":\"https:\\\/\\\/thenailbar.ch\\\/de\\\/jobs#primaryimage\"},\"image\":{\"@id\":\"https:\\\/\\\/thenailbar.ch\\\/de\\\/jobs#primaryimage\"},\"thumbnailUrl\":\"https:\\\/\\\/thenailbar.ch\\\/wp2\\\/wp-content\\\/uploads\\\/2022\\\/03\\\/TNB-RECRUTE-22-012-WPcover-2160x1020-1.jpg\",\"datePublished\":\"2016-11-23T14:04:42+00:00\",\"dateModified\":\"2023-08-05T12:50:22+00:00\",\"description\":\"Interesse an Kosmetik, Erfahrung im Lackieren, Manik\u00fcre und Pedik\u00fcre und guter Kundenkontakt\",\"breadcrumb\":{\"@id\":\"https:\\\/\\\/thenailbar.ch\\\/de\\\/jobs#breadcrumb\"},\"inLanguage\":\"de\",\"potentialAction\":[{\"@type\":\"ReadAction\",\"target\":[\"https:\\\/\\\/thenailbar.ch\\\/de\\\/jobs\"]}]},{\"@type\":\"ImageObject\",\"inLanguage\":\"de\",\"@id\":\"https:\\\/\\\/thenailbar.ch\\\/de\\\/jobs#primaryimage\",\"url\":\"https:\\\/\\\/thenailbar.ch\\\/wp2\\\/wp-content\\\/uploads\\\/2022\\\/03\\\/TNB-RECRUTE-22-012-WPcover-2160x1020-1.jpg\",\"contentUrl\":\"https:\\\/\\\/thenailbar.ch\\\/wp2\\\/wp-content\\\/uploads\\\/2022\\\/03\\\/TNB-RECRUTE-22-012-WPcover-2160x1020-1.jpg\",\"width\":2160,\"height\":1020,\"caption\":\"Job @ The Nail Bar\"},{\"@type\":\"BreadcrumbList\",\"@id\":\"https:\\\/\\\/thenailbar.ch\\\/de\\\/jobs#breadcrumb\",\"itemListElement\":[{\"@type\":\"ListItem\",\"position\":1,\"name\":\"Accueil\",\"item\":\"https:\\\/\\\/thenailbar.ch\\\/de\"},{\"@type\":\"ListItem\",\"position\":2,\"name\":\"Ein Job in der Nail Bar!\"}]},{\"@type\":\"WebSite\",\"@id\":\"https:\\\/\\\/thenailbar.ch\\\/de#website\",\"url\":\"https:\\\/\\\/thenailbar.ch\\\/de\",\"name\":\"The Nail Bar - Sans ou Avec rendez-vous!\",\"description\":\"\u201cOhne oder Mit Termin!\u201d\",\"publisher\":{\"@id\":\"https:\\\/\\\/thenailbar.ch\\\/de#organization\"},\"alternateName\":\"The Nail Bar\",\"potentialAction\":[{\"@type\":\"SearchAction\",\"target\":{\"@type\":\"EntryPoint\",\"urlTemplate\":\"https:\\\/\\\/thenailbar.ch\\\/de?s={search_term_string}\"},\"query-input\":{\"@type\":\"PropertyValueSpecification\",\"valueRequired\":true,\"valueName\":\"search_term_string\"}}],\"inLanguage\":\"de\"},{\"@type\":\"Organization\",\"@id\":\"https:\\\/\\\/thenailbar.ch\\\/de#organization\",\"name\":\"The Nail Bar\",\"url\":\"https:\\\/\\\/thenailbar.ch\\\/de\",\"logo\":{\"@type\":\"ImageObject\",\"inLanguage\":\"de\",\"@id\":\"https:\\\/\\\/thenailbar.ch\\\/de#\\\/schema\\\/logo\\\/image\\\/\",\"url\":\"https:\\\/\\\/i0.wp.com\\\/thenailbar.ch\\\/wp2\\\/wp-content\\\/uploads\\\/2018\\\/09\\\/android-chrome-192x192.png?fit=192%2C192&ssl=1\",\"contentUrl\":\"https:\\\/\\\/i0.wp.com\\\/thenailbar.ch\\\/wp2\\\/wp-content\\\/uploads\\\/2018\\\/09\\\/android-chrome-192x192.png?fit=192%2C192&ssl=1\",\"width\":192,\"height\":192,\"caption\":\"The Nail Bar\"},\"image\":{\"@id\":\"https:\\\/\\\/thenailbar.ch\\\/de#\\\/schema\\\/logo\\\/image\\\/\"},\"sameAs\":[\"https:\\\/\\\/www.facebook.com\\\/thenailbar.nail.switzerland\\\/\",\"https:\\\/\\\/x.com\\\/TheNailBarSwiss\",\"https:\\\/\\\/www.instagram.com\\\/thenailbarswitzerland\\\/\",\"https:\\\/\\\/www.pinterest.ch\\\/thenailbarswitzerland\\\/\",\"https:\\\/\\\/www.youtube.com\\\/channel\\\/UCAZSdCTBJp-1F91xL1wZHQg\"]}]}<\/script>\n<!-- \/ Yoast SEO plugin. -->","yoast_head_json":{"title":"Ein Job in der Nail Bar!","description":"Interesse an Kosmetik, Erfahrung im Lackieren, Manik\u00fcre und Pedik\u00fcre und guter Kundenkontakt","robots":{"index":"index","follow":"follow","max-snippet":"max-snippet:-1","max-image-preview":"max-image-preview:large","max-video-preview":"max-video-preview:-1"},"canonical":"https:\/\/thenailbar.ch\/de\/jobs","og_locale":"de_DE","og_type":"article","og_title":"Ein Job in der Nail Bar!","og_description":"Interesse an Kosmetik, Erfahrung im Lackieren, Manik\u00fcre und Pedik\u00fcre und guter Kundenkontakt","og_url":"https:\/\/thenailbar.ch\/de\/jobs","og_site_name":"The Nail Bar - Lausanne Genf Vevey Neuenburg Freiburg Monthey Biel Zuerich","article_publisher":"https:\/\/www.facebook.com\/thenailbar.nail.switzerland\/","article_modified_time":"2023-08-05T12:50:22+00:00","og_image":[{"width":2160,"height":1020,"url":"https:\/\/thenailbar.ch\/wp2\/wp-content\/uploads\/2022\/03\/TNB-RECRUTE-22-012-WPcover-2160x1020-1.jpg","type":"image\/jpeg"}],"twitter_card":"summary_large_image","twitter_site":"@TheNailBarSwiss","twitter_misc":{"Gesch\u00e4tzte Lesezeit":"1\u00a0Minute"},"schema":{"@context":"https:\/\/schema.org","@graph":[{"@type":"WebPage","@id":"https:\/\/thenailbar.ch\/de\/jobs","url":"https:\/\/thenailbar.ch\/de\/jobs","name":"Ein Job in der Nail Bar!","isPartOf":{"@id":"https:\/\/thenailbar.ch\/de#website"},"primaryImageOfPage":{"@id":"https:\/\/thenailbar.ch\/de\/jobs#primaryimage"},"image":{"@id":"https:\/\/thenailbar.ch\/de\/jobs#primaryimage"},"thumbnailUrl":"https:\/\/thenailbar.ch\/wp2\/wp-content\/uploads\/2022\/03\/TNB-RECRUTE-22-012-WPcover-2160x1020-1.jpg","datePublished":"2016-11-23T14:04:42+00:00","dateModified":"2023-08-05T12:50:22+00:00","description":"Interesse an Kosmetik, Erfahrung im Lackieren, Manik\u00fcre und Pedik\u00fcre und guter Kundenkontakt","breadcrumb":{"@id":"https:\/\/thenailbar.ch\/de\/jobs#breadcrumb"},"inLanguage":"de","potentialAction":[{"@type":"ReadAction","target":["https:\/\/thenailbar.ch\/de\/jobs"]}]},{"@type":"ImageObject","inLanguage":"de","@id":"https:\/\/thenailbar.ch\/de\/jobs#primaryimage","url":"https:\/\/thenailbar.ch\/wp2\/wp-content\/uploads\/2022\/03\/TNB-RECRUTE-22-012-WPcover-2160x1020-1.jpg","contentUrl":"https:\/\/thenailbar.ch\/wp2\/wp-content\/uploads\/2022\/03\/TNB-RECRUTE-22-012-WPcover-2160x1020-1.jpg","width":2160,"height":1020,"caption":"Job @ The Nail Bar"},{"@type":"BreadcrumbList","@id":"https:\/\/thenailbar.ch\/de\/jobs#breadcrumb","itemListElement":[{"@type":"ListItem","position":1,"name":"Accueil","item":"https:\/\/thenailbar.ch\/de"},{"@type":"ListItem","position":2,"name":"Ein Job in der Nail Bar!"}]},{"@type":"WebSite","@id":"https:\/\/thenailbar.ch\/de#website","url":"https:\/\/thenailbar.ch\/de","name":"The Nail Bar - Sans ou Avec rendez-vous!","description":"\u201cOhne oder Mit Termin!\u201d","publisher":{"@id":"https:\/\/thenailbar.ch\/de#organization"},"alternateName":"The Nail Bar","potentialAction":[{"@type":"SearchAction","target":{"@type":"EntryPoint","urlTemplate":"https:\/\/thenailbar.ch\/de?s={search_term_string}"},"query-input":{"@type":"PropertyValueSpecification","valueRequired":true,"valueName":"search_term_string"}}],"inLanguage":"de"},{"@type":"Organization","@id":"https:\/\/thenailbar.ch\/de#organization","name":"The Nail Bar","url":"https:\/\/thenailbar.ch\/de","logo":{"@type":"ImageObject","inLanguage":"de","@id":"https:\/\/thenailbar.ch\/de#\/schema\/logo\/image\/","url":"https:\/\/i0.wp.com\/thenailbar.ch\/wp2\/wp-content\/uploads\/2018\/09\/android-chrome-192x192.png?fit=192%2C192&ssl=1","contentUrl":"https:\/\/i0.wp.com\/thenailbar.ch\/wp2\/wp-content\/uploads\/2018\/09\/android-chrome-192x192.png?fit=192%2C192&ssl=1","width":192,"height":192,"caption":"The Nail Bar"},"image":{"@id":"https:\/\/thenailbar.ch\/de#\/schema\/logo\/image\/"},"sameAs":["https:\/\/www.facebook.com\/thenailbar.nail.switzerland\/","https:\/\/x.com\/TheNailBarSwiss","https:\/\/www.instagram.com\/thenailbarswitzerland\/","https:\/\/www.pinterest.ch\/thenailbarswitzerland\/","https:\/\/www.youtube.com\/channel\/UCAZSdCTBJp-1F91xL1wZHQg"]}]}},"jetpack_sharing_enabled":true,"jetpack-related-posts":[],"jetpack_shortlink":"https:\/\/wp.me\/PatLF0-3NE","_links":{"self":[{"href":"https:\/\/thenailbar.ch\/de\/wp-json\/wp\/v2\/pages\/14610","targetHints":{"allow":["GET"]}}],"collection":[{"href":"https:\/\/thenailbar.ch\/de\/wp-json\/wp\/v2\/pages"}],"about":[{"href":"https:\/\/thenailbar.ch\/de\/wp-json\/wp\/v2\/types\/page"}],"author":[{"embeddable":true,"href":"https:\/\/thenailbar.ch\/de\/wp-json\/wp\/v2\/users\/1"}],"replies":[{"embeddable":true,"href":"https:\/\/thenailbar.ch\/de\/wp-json\/wp\/v2\/comments?post=14610"}],"version-history":[{"count":5,"href":"https:\/\/thenailbar.ch\/de\/wp-json\/wp\/v2\/pages\/14610\/revisions"}],"predecessor-version":[{"id":15920,"href":"https:\/\/thenailbar.ch\/de\/wp-json\/wp\/v2\/pages\/14610\/revisions\/15920"}],"wp:featuredmedia":[{"embeddable":true,"href":"https:\/\/thenailbar.ch\/de\/wp-json\/wp\/v2\/media\/14457"}],"wp:attachment":[{"href":"https:\/\/thenailbar.ch\/de\/wp-json\/wp\/v2\/media?parent=14610"}],"curies":[{"name":"wp","href":"https:\/\/api.w.org\/{rel}","templated":true}]}}