{"id":10642,"date":"2020-10-05T21:03:38","date_gmt":"2020-10-05T19:03:38","guid":{"rendered":"https:\/\/thenailbar.ch\/?page_id=10642"},"modified":"2023-10-21T17:46:28","modified_gmt":"2023-10-21T15:46:28","slug":"the-gel","status":"publish","type":"page","link":"https:\/\/thenailbar.ch\/de\/the-menu\/the-gel","title":{"rendered":"The GEL menu"},"content":{"rendered":"<h2 style=\"text-align: center;\">Unser neues Gel-Men\u00fc ist endlich da!<\/h2>\n<p>Dieses neue Angebot ist das Ergebnis zahlreicher Tests, um langlebige Gel-Dienstleistungen von h\u00f6chster Qualit\u00e4t anbieten zu k\u00f6nnen. <u><strong>Damit Ihre N\u00e4gel im Laufe der Zeit nicht besch\u00e4digt werden.<\/strong><\/u><\/p>\n<p>Unser Gel erm\u00f6glicht es Ihnen, sich <strong>die Form<\/strong>, <strong>L\u00e4nge<\/strong> und Farbe nach Ihren W\u00fcnschen vorzustellen oder eine vordefinierte Form zu w\u00e4hlen. Beispielweise:<\/p>\n<p><img loading=\"lazy\" decoding=\"async\" class=\"size-large wp-image-11486 aligncenter\" src=\"https:\/\/thenailbar.ch\/wp2\/wp-content\/uploads\/2020\/12\/GEL-Schema-ongles-560x260.png\" alt=\"\" width=\"560\" height=\"260\" srcset=\"https:\/\/thenailbar.ch\/wp2\/wp-content\/uploads\/2020\/12\/GEL-Schema-ongles-560x260.png 560w, https:\/\/thenailbar.ch\/wp2\/wp-content\/uploads\/2020\/12\/GEL-Schema-ongles-260x121.png 260w, https:\/\/thenailbar.ch\/wp2\/wp-content\/uploads\/2020\/12\/GEL-Schema-ongles-768x356.png 768w, https:\/\/thenailbar.ch\/wp2\/wp-content\/uploads\/2020\/12\/GEL-Schema-ongles.png 800w\" sizes=\"(max-width: 560px) 100vw, 560px\" \/>Es gibt Tausende von verschiedenen Arten von Gelen, aber nicht alle erf\u00fcllen die grundlegenden Sicherheitsnormen. <strong>Unsere Produkte sind homologiert und zertifiziert, wobei dank modernster Technologie die beste Servicequalit\u00e4t gew\u00e4hrleistet ist.<\/strong><\/p>\n","protected":false},"excerpt":{"rendered":"<p>Unser neues Gel-Men\u00fc ist endlich da! Dieses neue Angebot ist das Ergebnis zahlreicher Tests, um langlebige Gel-Dienstleistungen von h\u00f6chster Qualit\u00e4t anbieten zu k\u00f6nnen. Damit Ihre N\u00e4gel im Laufe der Zeit nicht besch\u00e4digt werden. Unser Gel erm\u00f6glicht es Ihnen, sich die Form, L\u00e4nge und Farbe nach Ihren W\u00fcnschen vorzustellen oder eine vordefinierte Form zu w\u00e4hlen. Beispielweise: &hellip; <a href=\"https:\/\/thenailbar.ch\/de\/the-menu\/the-gel\">Continued<\/a><\/p>\n","protected":false},"author":1,"featured_media":11486,"parent":2909,"menu_order":0,"comment_status":"closed","ping_status":"closed","template":"fw-themenu-gel.php","meta":{"_acf_changed":false,"_et_pb_use_builder":"","_et_pb_old_content":"","_et_gb_content_width":"","footnotes":""},"class_list":["post-10642","page","type-page","status-publish","has-post-thumbnail","hentry"],"acf":[],"yoast_head":"<!-- This site is optimized with the Yoast SEO plugin v27.6 - https:\/\/yoast.com\/product\/yoast-seo-wordpress\/ -->\n<title>The GEL menu - The Nail Bar - Lausanne Genf Vevey Neuenburg Freiburg Monthey Biel Zuerich<\/title>\n<meta name=\"robots\" content=\"index, follow, max-snippet:-1, max-image-preview:large, max-video-preview:-1\" \/>\n<link rel=\"canonical\" href=\"https:\/\/thenailbar.ch\/de\/the-menu\/the-gel\" \/>\n<meta property=\"og:locale\" content=\"de_DE\" \/>\n<meta property=\"og:type\" content=\"article\" \/>\n<meta property=\"og:title\" content=\"The GEL menu - The Nail Bar - Lausanne Genf Vevey Neuenburg Freiburg Monthey Biel Zuerich\" \/>\n<meta property=\"og:description\" content=\"Unser neues Gel-Men\u00fc ist endlich da! Dieses neue Angebot ist das Ergebnis zahlreicher Tests, um langlebige Gel-Dienstleistungen von h\u00f6chster Qualit\u00e4t anbieten zu k\u00f6nnen. Damit Ihre N\u00e4gel im Laufe der Zeit nicht besch\u00e4digt werden. Unser Gel erm\u00f6glicht es Ihnen, sich die Form, L\u00e4nge und Farbe nach Ihren W\u00fcnschen vorzustellen oder eine vordefinierte Form zu w\u00e4hlen. Beispielweise: &hellip; Continued\" \/>\n<meta property=\"og:url\" content=\"https:\/\/thenailbar.ch\/de\/the-menu\/the-gel\" \/>\n<meta property=\"og:site_name\" content=\"The Nail Bar - Lausanne Genf Vevey Neuenburg Freiburg Monthey Biel Zuerich\" \/>\n<meta property=\"article:publisher\" content=\"https:\/\/www.facebook.com\/thenailbar.nail.switzerland\/\" \/>\n<meta property=\"article:modified_time\" content=\"2023-10-21T15:46:28+00:00\" \/>\n<meta property=\"og:image\" content=\"https:\/\/thenailbar.ch\/wp2\/wp-content\/uploads\/2020\/12\/GEL-Schema-ongles.png\" \/>\n\t<meta property=\"og:image:width\" content=\"800\" \/>\n\t<meta property=\"og:image:height\" content=\"371\" \/>\n\t<meta property=\"og:image:type\" content=\"image\/png\" \/>\n<meta name=\"twitter:card\" content=\"summary_large_image\" \/>\n<meta name=\"twitter:site\" content=\"@TheNailBarSwiss\" \/>\n<meta name=\"twitter:label1\" content=\"Gesch\u00e4tzte Lesezeit\" \/>\n\t<meta name=\"twitter:data1\" content=\"1\u00a0Minute\" \/>\n<script type=\"application\/ld+json\" class=\"yoast-schema-graph\">{\"@context\":\"https:\\\/\\\/schema.org\",\"@graph\":[{\"@type\":\"WebPage\",\"@id\":\"https:\\\/\\\/thenailbar.ch\\\/de\\\/the-menu\\\/the-gel\",\"url\":\"https:\\\/\\\/thenailbar.ch\\\/de\\\/the-menu\\\/the-gel\",\"name\":\"The GEL menu - The Nail Bar - Lausanne Genf Vevey Neuenburg Freiburg Monthey Biel Zuerich\",\"isPartOf\":{\"@id\":\"https:\\\/\\\/thenailbar.ch\\\/de#website\"},\"primaryImageOfPage\":{\"@id\":\"https:\\\/\\\/thenailbar.ch\\\/de\\\/the-menu\\\/the-gel#primaryimage\"},\"image\":{\"@id\":\"https:\\\/\\\/thenailbar.ch\\\/de\\\/the-menu\\\/the-gel#primaryimage\"},\"thumbnailUrl\":\"https:\\\/\\\/thenailbar.ch\\\/wp2\\\/wp-content\\\/uploads\\\/2020\\\/12\\\/GEL-Schema-ongles.png\",\"datePublished\":\"2020-10-05T19:03:38+00:00\",\"dateModified\":\"2023-10-21T15:46:28+00:00\",\"breadcrumb\":{\"@id\":\"https:\\\/\\\/thenailbar.ch\\\/de\\\/the-menu\\\/the-gel#breadcrumb\"},\"inLanguage\":\"de\",\"potentialAction\":[{\"@type\":\"ReadAction\",\"target\":[\"https:\\\/\\\/thenailbar.ch\\\/de\\\/the-menu\\\/the-gel\"]}]},{\"@type\":\"ImageObject\",\"inLanguage\":\"de\",\"@id\":\"https:\\\/\\\/thenailbar.ch\\\/de\\\/the-menu\\\/the-gel#primaryimage\",\"url\":\"https:\\\/\\\/thenailbar.ch\\\/wp2\\\/wp-content\\\/uploads\\\/2020\\\/12\\\/GEL-Schema-ongles.png\",\"contentUrl\":\"https:\\\/\\\/thenailbar.ch\\\/wp2\\\/wp-content\\\/uploads\\\/2020\\\/12\\\/GEL-Schema-ongles.png\",\"width\":800,\"height\":371},{\"@type\":\"BreadcrumbList\",\"@id\":\"https:\\\/\\\/thenailbar.ch\\\/de\\\/the-menu\\\/the-gel#breadcrumb\",\"itemListElement\":[{\"@type\":\"ListItem\",\"position\":1,\"name\":\"Accueil\",\"item\":\"https:\\\/\\\/thenailbar.ch\\\/de\"},{\"@type\":\"ListItem\",\"position\":2,\"name\":\"The Menu\",\"item\":\"https:\\\/\\\/thenailbar.ch\\\/de\\\/the-menu\"},{\"@type\":\"ListItem\",\"position\":3,\"name\":\"The GEL menu\"}]},{\"@type\":\"WebSite\",\"@id\":\"https:\\\/\\\/thenailbar.ch\\\/de#website\",\"url\":\"https:\\\/\\\/thenailbar.ch\\\/de\",\"name\":\"The Nail Bar - Sans ou Avec rendez-vous!\",\"description\":\"\u201cOhne oder Mit Termin!\u201d\",\"publisher\":{\"@id\":\"https:\\\/\\\/thenailbar.ch\\\/de#organization\"},\"alternateName\":\"The Nail Bar\",\"potentialAction\":[{\"@type\":\"SearchAction\",\"target\":{\"@type\":\"EntryPoint\",\"urlTemplate\":\"https:\\\/\\\/thenailbar.ch\\\/de?s={search_term_string}\"},\"query-input\":{\"@type\":\"PropertyValueSpecification\",\"valueRequired\":true,\"valueName\":\"search_term_string\"}}],\"inLanguage\":\"de\"},{\"@type\":\"Organization\",\"@id\":\"https:\\\/\\\/thenailbar.ch\\\/de#organization\",\"name\":\"The Nail Bar\",\"url\":\"https:\\\/\\\/thenailbar.ch\\\/de\",\"logo\":{\"@type\":\"ImageObject\",\"inLanguage\":\"de\",\"@id\":\"https:\\\/\\\/thenailbar.ch\\\/de#\\\/schema\\\/logo\\\/image\\\/\",\"url\":\"https:\\\/\\\/i0.wp.com\\\/thenailbar.ch\\\/wp2\\\/wp-content\\\/uploads\\\/2018\\\/09\\\/android-chrome-192x192.png?fit=192%2C192&ssl=1\",\"contentUrl\":\"https:\\\/\\\/i0.wp.com\\\/thenailbar.ch\\\/wp2\\\/wp-content\\\/uploads\\\/2018\\\/09\\\/android-chrome-192x192.png?fit=192%2C192&ssl=1\",\"width\":192,\"height\":192,\"caption\":\"The Nail Bar\"},\"image\":{\"@id\":\"https:\\\/\\\/thenailbar.ch\\\/de#\\\/schema\\\/logo\\\/image\\\/\"},\"sameAs\":[\"https:\\\/\\\/www.facebook.com\\\/thenailbar.nail.switzerland\\\/\",\"https:\\\/\\\/x.com\\\/TheNailBarSwiss\",\"https:\\\/\\\/www.instagram.com\\\/thenailbarswitzerland\\\/\",\"https:\\\/\\\/www.pinterest.ch\\\/thenailbarswitzerland\\\/\",\"https:\\\/\\\/www.youtube.com\\\/channel\\\/UCAZSdCTBJp-1F91xL1wZHQg\"]}]}<\/script>\n<!-- \/ Yoast SEO plugin. -->","yoast_head_json":{"title":"The GEL menu - The Nail Bar - Lausanne Genf Vevey Neuenburg Freiburg Monthey Biel Zuerich","robots":{"index":"index","follow":"follow","max-snippet":"max-snippet:-1","max-image-preview":"max-image-preview:large","max-video-preview":"max-video-preview:-1"},"canonical":"https:\/\/thenailbar.ch\/de\/the-menu\/the-gel","og_locale":"de_DE","og_type":"article","og_title":"The GEL menu - The Nail Bar - Lausanne Genf Vevey Neuenburg Freiburg Monthey Biel Zuerich","og_description":"Unser neues Gel-Men\u00fc ist endlich da! Dieses neue Angebot ist das Ergebnis zahlreicher Tests, um langlebige Gel-Dienstleistungen von h\u00f6chster Qualit\u00e4t anbieten zu k\u00f6nnen. Damit Ihre N\u00e4gel im Laufe der Zeit nicht besch\u00e4digt werden. Unser Gel erm\u00f6glicht es Ihnen, sich die Form, L\u00e4nge und Farbe nach Ihren W\u00fcnschen vorzustellen oder eine vordefinierte Form zu w\u00e4hlen. Beispielweise: &hellip; Continued","og_url":"https:\/\/thenailbar.ch\/de\/the-menu\/the-gel","og_site_name":"The Nail Bar - Lausanne Genf Vevey Neuenburg Freiburg Monthey Biel Zuerich","article_publisher":"https:\/\/www.facebook.com\/thenailbar.nail.switzerland\/","article_modified_time":"2023-10-21T15:46:28+00:00","og_image":[{"width":800,"height":371,"url":"https:\/\/thenailbar.ch\/wp2\/wp-content\/uploads\/2020\/12\/GEL-Schema-ongles.png","type":"image\/png"}],"twitter_card":"summary_large_image","twitter_site":"@TheNailBarSwiss","twitter_misc":{"Gesch\u00e4tzte Lesezeit":"1\u00a0Minute"},"schema":{"@context":"https:\/\/schema.org","@graph":[{"@type":"WebPage","@id":"https:\/\/thenailbar.ch\/de\/the-menu\/the-gel","url":"https:\/\/thenailbar.ch\/de\/the-menu\/the-gel","name":"The GEL menu - The Nail Bar - Lausanne Genf Vevey Neuenburg Freiburg Monthey Biel Zuerich","isPartOf":{"@id":"https:\/\/thenailbar.ch\/de#website"},"primaryImageOfPage":{"@id":"https:\/\/thenailbar.ch\/de\/the-menu\/the-gel#primaryimage"},"image":{"@id":"https:\/\/thenailbar.ch\/de\/the-menu\/the-gel#primaryimage"},"thumbnailUrl":"https:\/\/thenailbar.ch\/wp2\/wp-content\/uploads\/2020\/12\/GEL-Schema-ongles.png","datePublished":"2020-10-05T19:03:38+00:00","dateModified":"2023-10-21T15:46:28+00:00","breadcrumb":{"@id":"https:\/\/thenailbar.ch\/de\/the-menu\/the-gel#breadcrumb"},"inLanguage":"de","potentialAction":[{"@type":"ReadAction","target":["https:\/\/thenailbar.ch\/de\/the-menu\/the-gel"]}]},{"@type":"ImageObject","inLanguage":"de","@id":"https:\/\/thenailbar.ch\/de\/the-menu\/the-gel#primaryimage","url":"https:\/\/thenailbar.ch\/wp2\/wp-content\/uploads\/2020\/12\/GEL-Schema-ongles.png","contentUrl":"https:\/\/thenailbar.ch\/wp2\/wp-content\/uploads\/2020\/12\/GEL-Schema-ongles.png","width":800,"height":371},{"@type":"BreadcrumbList","@id":"https:\/\/thenailbar.ch\/de\/the-menu\/the-gel#breadcrumb","itemListElement":[{"@type":"ListItem","position":1,"name":"Accueil","item":"https:\/\/thenailbar.ch\/de"},{"@type":"ListItem","position":2,"name":"The Menu","item":"https:\/\/thenailbar.ch\/de\/the-menu"},{"@type":"ListItem","position":3,"name":"The GEL menu"}]},{"@type":"WebSite","@id":"https:\/\/thenailbar.ch\/de#website","url":"https:\/\/thenailbar.ch\/de","name":"The Nail Bar - Sans ou Avec rendez-vous!","description":"\u201cOhne oder Mit Termin!\u201d","publisher":{"@id":"https:\/\/thenailbar.ch\/de#organization"},"alternateName":"The Nail Bar","potentialAction":[{"@type":"SearchAction","target":{"@type":"EntryPoint","urlTemplate":"https:\/\/thenailbar.ch\/de?s={search_term_string}"},"query-input":{"@type":"PropertyValueSpecification","valueRequired":true,"valueName":"search_term_string"}}],"inLanguage":"de"},{"@type":"Organization","@id":"https:\/\/thenailbar.ch\/de#organization","name":"The Nail Bar","url":"https:\/\/thenailbar.ch\/de","logo":{"@type":"ImageObject","inLanguage":"de","@id":"https:\/\/thenailbar.ch\/de#\/schema\/logo\/image\/","url":"https:\/\/i0.wp.com\/thenailbar.ch\/wp2\/wp-content\/uploads\/2018\/09\/android-chrome-192x192.png?fit=192%2C192&ssl=1","contentUrl":"https:\/\/i0.wp.com\/thenailbar.ch\/wp2\/wp-content\/uploads\/2018\/09\/android-chrome-192x192.png?fit=192%2C192&ssl=1","width":192,"height":192,"caption":"The Nail Bar"},"image":{"@id":"https:\/\/thenailbar.ch\/de#\/schema\/logo\/image\/"},"sameAs":["https:\/\/www.facebook.com\/thenailbar.nail.switzerland\/","https:\/\/x.com\/TheNailBarSwiss","https:\/\/www.instagram.com\/thenailbarswitzerland\/","https:\/\/www.pinterest.ch\/thenailbarswitzerland\/","https:\/\/www.youtube.com\/channel\/UCAZSdCTBJp-1F91xL1wZHQg"]}]}},"jetpack_sharing_enabled":true,"jetpack-related-posts":[],"jetpack_shortlink":"https:\/\/wp.me\/PatLF0-2LE","_links":{"self":[{"href":"https:\/\/thenailbar.ch\/de\/wp-json\/wp\/v2\/pages\/10642","targetHints":{"allow":["GET"]}}],"collection":[{"href":"https:\/\/thenailbar.ch\/de\/wp-json\/wp\/v2\/pages"}],"about":[{"href":"https:\/\/thenailbar.ch\/de\/wp-json\/wp\/v2\/types\/page"}],"author":[{"embeddable":true,"href":"https:\/\/thenailbar.ch\/de\/wp-json\/wp\/v2\/users\/1"}],"replies":[{"embeddable":true,"href":"https:\/\/thenailbar.ch\/de\/wp-json\/wp\/v2\/comments?post=10642"}],"version-history":[{"count":2,"href":"https:\/\/thenailbar.ch\/de\/wp-json\/wp\/v2\/pages\/10642\/revisions"}],"predecessor-version":[{"id":16155,"href":"https:\/\/thenailbar.ch\/de\/wp-json\/wp\/v2\/pages\/10642\/revisions\/16155"}],"up":[{"embeddable":true,"href":"https:\/\/thenailbar.ch\/de\/wp-json\/wp\/v2\/pages\/2909"}],"wp:featuredmedia":[{"embeddable":true,"href":"https:\/\/thenailbar.ch\/de\/wp-json\/wp\/v2\/media\/11486"}],"wp:attachment":[{"href":"https:\/\/thenailbar.ch\/de\/wp-json\/wp\/v2\/media?parent=10642"}],"curies":[{"name":"wp","href":"https:\/\/api.w.org\/{rel}","templated":true}]}}